{"id":2092,"date":"2014-03-31T03:53:02","date_gmt":"2014-03-31T03:53:02","guid":{"rendered":"http:\/\/themenectar.com\/demo\/salient-frostwave\/?page_id=2092"},"modified":"2021-01-13T00:25:24","modified_gmt":"2021-01-13T00:25:24","slug":"contacto","status":"publish","type":"page","link":"https:\/\/www.hmcapacitacion.com\/?page_id=2092","title":{"rendered":"Contacto"},"content":{"rendered":"[vc_row type=\u00bbfull_width_background\u00bb full_screen_row_position=\u00bbmiddle\u00bb column_margin=\u00bbdefault\u00bb scene_position=\u00bbcenter\u00bb text_color=\u00bbdark\u00bb text_align=\u00bbleft\u00bb top_padding=\u00bb70&#8243; bottom_padding=\u00bb60&#8243; overlay_strength=\u00bb0.3&#8243; shape_divider_position=\u00bbbottom\u00bb bg_image_animation=\u00bbnone\u00bb][vc_column column_padding=\u00bbno-extra-padding\u00bb column_padding_position=\u00bball\u00bb background_color_opacity=\u00bb1&#8243; background_hover_color_opacity=\u00bb1&#8243; column_link_target=\u00bb_self\u00bb column_shadow=\u00bbnone\u00bb column_border_radius=\u00bbnone\u00bb width=\u00bb1\/2&#8243; tablet_width_inherit=\u00bbdefault\u00bb tablet_text_alignment=\u00bbdefault\u00bb phone_text_alignment=\u00bbdefault\u00bb overlay_strength=\u00bb0.3&#8243; column_border_width=\u00bbnone\u00bb column_border_style=\u00bbsolid\u00bb bg_image_animation=\u00bbnone\u00bb][vc_column_text]<div role=\"form\" class=\"wpcf7\" id=\"wpcf7-f2787-o1\" lang=\"es-ES\" dir=\"ltr\">\n<div class=\"screen-reader-response\" role=\"alert\" aria-live=\"polite\"><\/div>\n<form action=\"\/index.php?rest_route=%2Fwp%2Fv2%2Fpages%2F2092#wpcf7-f2787-o1\" method=\"post\" class=\"wpcf7-form init\" novalidate=\"novalidate\">\n<div style=\"display: none;\">\n<input type=\"hidden\" name=\"_wpcf7\" value=\"2787\" \/>\n<input type=\"hidden\" name=\"_wpcf7_version\" value=\"5.2.1\" \/>\n<input type=\"hidden\" name=\"_wpcf7_locale\" value=\"es_ES\" \/>\n<input type=\"hidden\" name=\"_wpcf7_unit_tag\" value=\"wpcf7-f2787-o1\" \/>\n<input type=\"hidden\" name=\"_wpcf7_container_post\" value=\"0\" \/>\n<input type=\"hidden\" name=\"_wpcf7_posted_data_hash\" value=\"\" \/>\n<\/div>\n<p>Nombre\/ Apellido (requerido)<br \/>\n    <span class=\"wpcf7-form-control-wrap nombre\"><input type=\"text\" name=\"nombre\" value=\"\" size=\"40\" class=\"wpcf7-form-control wpcf7-text wpcf7-validates-as-required\" aria-required=\"true\" aria-invalid=\"false\" \/><\/span> <\/p>\n<p>Empresa<br \/>\n    <span class=\"wpcf7-form-control-wrap empresa\"><input type=\"text\" name=\"empresa\" value=\"\" size=\"40\" class=\"wpcf7-form-control wpcf7-text\" aria-invalid=\"false\" \/><\/span> <\/p>\n<p>E-mail (requerido)<br \/>\n    <span class=\"wpcf7-form-control-wrap email\"><input type=\"email\" name=\"email\" value=\"\" size=\"40\" class=\"wpcf7-form-control wpcf7-text wpcf7-email wpcf7-validates-as-required wpcf7-validates-as-email\" aria-required=\"true\" aria-invalid=\"false\" \/><\/span> <\/p>\n<p>Tel\u00e9fono (requerido)<br \/>\n    <span class=\"wpcf7-form-control-wrap telefono\"><input type=\"text\" name=\"telefono\" value=\"\" size=\"40\" class=\"wpcf7-form-control wpcf7-text wpcf7-validates-as-required\" aria-required=\"true\" aria-invalid=\"false\" \/><\/span> <\/p>\n<p>Capacitaci\u00f3n (requerido)<br\/><br \/>\n    <span class=\"wpcf7-form-control-wrap cursosmultiples\"><select name=\"cursosmultiples\" class=\"wpcf7-form-control wpcf7-select wpcf7-validates-as-required\" aria-required=\"true\" aria-invalid=\"false\"><option value=\"RCP &amp; DEA Reanimadores Iniciales\">RCP &amp; DEA Reanimadores Iniciales<\/option><option value=\"RCP &amp; DEA Profesionales de la Salud\">RCP &amp; DEA Profesionales de la Salud<\/option><option value=\"Primeros Auxilios Generales\">Primeros Auxilios Generales<\/option><option value=\"Primeros Auxilios Pedi\u00e1tricos\">Primeros Auxilios Pedi\u00e1tricos<\/option><option value=\"Asistencia B\u00e1sica en Trauma\">Asistencia B\u00e1sica en Trauma<\/option><option value=\"RCP y Primeros Auxilios B\u00e1sicos\">RCP y Primeros Auxilios B\u00e1sicos<\/option><option value=\"RCP y Primeros Auxilios Pedi\u00e1tricos\">RCP y Primeros Auxilios Pedi\u00e1tricos<\/option><option value=\"Extinci\u00f3n de Incendios y Evacuaci\u00f3n\">Extinci\u00f3n de Incendios y Evacuaci\u00f3n<\/option><option value=\"Materiales Peligrosos\">Materiales Peligrosos<\/option><option value=\"Rescate T\u00e9cnico con Cuerdas\">Rescate T\u00e9cnico con Cuerdas<\/option><option value=\"Rescate en Espacios Confinados\">Rescate en Espacios Confinados<\/option><option value=\"Soporte Vital B\u00e1sico en Entornos Hostiles\">Soporte Vital B\u00e1sico en Entornos Hostiles<\/option><option value=\"Formaci\u00f3n de Brigadas\">Formaci\u00f3n de Brigadas<\/option><option value=\"T\u00e9cnicas B\u00e1sicas en Salvamento Acu\u00e1tico\">T\u00e9cnicas B\u00e1sicas en Salvamento Acu\u00e1tico<\/option><\/select><\/span><\/p>\n<p>Mensaje<br \/>\n    <span class=\"wpcf7-form-control-wrap mensaje\"><textarea name=\"mensaje\" cols=\"40\" rows=\"10\" class=\"wpcf7-form-control wpcf7-textarea\" aria-invalid=\"false\"><\/textarea><\/span> <\/p>\n<p><input type=\"submit\" value=\"Enviar\" class=\"wpcf7-form-control wpcf7-submit\" \/><\/p>\n<div class=\"wpcf7-response-output\" role=\"alert\" aria-hidden=\"true\"><\/div><\/form><\/div>[\/vc_column_text][\/vc_column][vc_column column_padding=\u00bbno-extra-padding\u00bb column_padding_position=\u00bball\u00bb background_color_opacity=\u00bb1&#8243; background_hover_color_opacity=\u00bb1&#8243; column_link_target=\u00bb_self\u00bb column_shadow=\u00bbnone\u00bb column_border_radius=\u00bbnone\u00bb width=\u00bb1\/2&#8243; tablet_width_inherit=\u00bbdefault\u00bb tablet_text_alignment=\u00bbdefault\u00bb phone_text_alignment=\u00bbdefault\u00bb overlay_strength=\u00bb0.3&#8243; column_border_width=\u00bbnone\u00bb column_border_style=\u00bbsolid\u00bb bg_image_animation=\u00bbnone\u00bb][vc_column_text]\n<h2>No dudes en consultarnos!<\/h2>\n<p>Dej\u00e1nos tu consulta o pedido de presupuesto completando los datos<br \/>\ndel siguiente formulario y te cont\u00e1ctaremos a la brevedad.[\/vc_column_text][divider line_type=\u00bbSmall Line\u00bb line_alignment=\u00bbdefault\u00bb line_thickness=\u00bb1&#8243; divider_color=\u00bbdefault\u00bb custom_height=\u00bb5&#8243;]<div class=\"col span_6\" data-animation=\"\" data-delay=\"0\">[vc_column_text]<b>Tel\u00e9fono<\/b><strong>:<\/strong>\u00a0(011)\u00a02097.9703<br \/>\n<strong>Whatsapp:<\/strong> +54 9 11.6356.9093<br \/>\n<strong>Email:<\/strong> <a href=\"http:\/\/www.hmcapacitacion.com\/?page_id=2092\" target=\"_blank\" rel=\"noopener noreferrer\">info@hmcapacitacion.com<\/a><br \/>\n<strong>Facebook:<\/strong> <a title=\"Hm Capacitacion\" href=\"https:\/\/www.facebook.com\/hmcapacitacion\" target=\"_blank\" rel=\"noopener noreferrer\">HM Capacitaci\u00f3n<\/a><br \/>\n<strong>Instagram: <\/strong><a href=\"https:\/\/www.instagram.com\/hmcapacitacion\/\" target=\"_blank\" rel=\"noopener noreferrer\">@hmcapacitacion<\/a><br \/>\n<strong>Youtube: <\/strong><a href=\"https:\/\/www.youtube.com\/channel\/UChef7SQN8LRO1tWnzVYi9Ew\">HM Capacitaci\u00f3n<\/a>[\/vc_column_text]<\/div><div class=\"col span_6 col_last\" data-animation=\"\" data-delay=\"0\">[vc_column_text][\/vc_column_text]<\/div><div class=\"clear\"><\/div>[\/vc_column][\/vc_row]\n","protected":false},"excerpt":{"rendered":"<p>[vc_row type=\u00bbfull_width_background\u00bb full_screen_row_position=\u00bbmiddle\u00bb column_margin=\u00bbdefault\u00bb scene_position=\u00bbcenter\u00bb text_color=\u00bbdark\u00bb text_align=\u00bbleft\u00bb top_padding=\u00bb70&#8243; bottom_padding=\u00bb60&#8243; overlay_strength=\u00bb0.3&#8243; shape_divider_position=\u00bbbottom\u00bb bg_image_animation=\u00bbnone\u00bb][vc_column column_padding=\u00bbno-extra-padding\u00bb column_padding_position=\u00bball\u00bb background_color_opacity=\u00bb1&#8243; background_hover_color_opacity=\u00bb1&#8243; column_link_target=\u00bb_self\u00bb column_shadow=\u00bbnone\u00bb column_border_radius=\u00bbnone\u00bb width=\u00bb1\/2&#8243; tablet_width_inherit=\u00bbdefault\u00bb tablet_text_alignment=\u00bbdefault\u00bb phone_text_alignment=\u00bbdefault\u00bb overlay_strength=\u00bb0.3&#8243; column_border_width=\u00bbnone\u00bb column_border_style=\u00bbsolid\u00bb bg_image_animation=\u00bbnone\u00bb][vc_column_text][\/vc_column_text][\/vc_column][vc_column column_padding=\u00bbno-extra-padding\u00bb column_padding_position=\u00bball\u00bb background_color_opacity=\u00bb1&#8243;&#8230;<\/p>\n","protected":false},"author":1,"featured_media":0,"parent":0,"menu_order":10,"comment_status":"open","ping_status":"closed","template":"","meta":{"footnotes":""},"jetpack_sharing_enabled":true,"_links":{"self":[{"href":"https:\/\/www.hmcapacitacion.com\/index.php?rest_route=\/wp\/v2\/pages\/2092"}],"collection":[{"href":"https:\/\/www.hmcapacitacion.com\/index.php?rest_route=\/wp\/v2\/pages"}],"about":[{"href":"https:\/\/www.hmcapacitacion.com\/index.php?rest_route=\/wp\/v2\/types\/page"}],"author":[{"embeddable":true,"href":"https:\/\/www.hmcapacitacion.com\/index.php?rest_route=\/wp\/v2\/users\/1"}],"replies":[{"embeddable":true,"href":"https:\/\/www.hmcapacitacion.com\/index.php?rest_route=%2Fwp%2Fv2%2Fcomments&post=2092"}],"version-history":[{"count":25,"href":"https:\/\/www.hmcapacitacion.com\/index.php?rest_route=\/wp\/v2\/pages\/2092\/revisions"}],"predecessor-version":[{"id":5206,"href":"https:\/\/www.hmcapacitacion.com\/index.php?rest_route=\/wp\/v2\/pages\/2092\/revisions\/5206"}],"wp:attachment":[{"href":"https:\/\/www.hmcapacitacion.com\/index.php?rest_route=%2Fwp%2Fv2%2Fmedia&parent=2092"}],"curies":[{"name":"wp","href":"https:\/\/api.w.org\/{rel}","templated":true}]}}