{"id":2129,"date":"2014-03-31T06:26:25","date_gmt":"2014-03-31T06:26:25","guid":{"rendered":"http:\/\/themenectar.com\/demo\/salient-frostwave\/?page_id=2129"},"modified":"2019-01-31T22:28:12","modified_gmt":"2019-01-31T22:28:12","slug":"home-basic","status":"publish","type":"page","link":"https:\/\/www.hmcapacitacion.com\/","title":{"rendered":"Home"},"content":{"rendered":"[vc_row][vc_column width=\u00bb1\/1&#8243;]<style type=\"text\/css\">#nectar-slider-instance-1, #nectar-slider-instance-1 .swiper-container { height: calc( 400 * 100vw \/ 1600 ); } <\/style><div data-midnight=\"nectar-slider\" class=\"parallax_slider_outer \"><div  data-transition=\"slide\" data-overall_style=\"classic\" data-flexible-height=\"true\" data-animate-in-effect=\"none\" data-fullscreen=\"false\" data-button-sizing=\"regular\" data-button-styling=\"btn_with_count\" data-autorotate=\"6000\" data-parallax=\"true\" data-parallax-disable-mobile=\"\" data-caption-trans=\"fade_in_from_bottom\" data-parallax-style=\"bg_only\" data-bg-animation=\"none\" data-full-width=\"true\" class=\"nectar-slider-wrap \" id=\"nectar-slider-instance-1\"><div class=\"swiper-container\"  data-tho=\"auto\" data-tco=\"auto\" data-pho=\"auto\" data-pco=\"auto\" data-loop=\"true\" data-height=\"400\" data-min-height=\"\" data-arrows=\"true\" data-bullets=\"true\" data-bullet_style=\"see_through\" data-bullet_position=\"bottom\" data-desktop-swipe=\"true\" data-settings=\"\"> <div class=\"swiper-wrapper\"><div class=\"swiper-slide\" data-desktop-content-width=\"\" data-tablet-content-width=\"\" data-bg-alignment=\"center\" data-color-scheme=\"light\" data-x-pos=\"right\" data-y-pos=\"middle\" ><div class=\"slide-bg-wrap\"><div class=\"image-bg\" style=\"background-image: url(https:\/\/www.hmcapacitacion.com\/wp-content\/uploads\/2015\/04\/home.jpg);\"> &nbsp; <\/div><\/div><div class=\"container\">\r\n\t\t\t\t\t\t<div class=\"content\"><h2>HM Capacitaci\u00f3n<\/h2><p class=\"transparent-bg\" ><span>Capacitaci\u00f3n en RCP &amp; DEA, PRIMEROS AUXILIOS y RESCATE<\/span><\/p><\/div>\r\n\t\t\t\t\t\t\t\t<\/div><!--\/container--><a href=\"#\" class=\"slider-down-arrow\"><i class=\"icon-salient-down-arrow icon-default-style\"> <span class=\"ie-fix\"><\/span> <\/i><\/a><div class=\"video-texture active_texture\"> <span class=\"ie-fix\"><\/span> <\/div><\/div> <!--\/swiper-slide--><div class=\"swiper-slide\" data-desktop-content-width=\"\" data-tablet-content-width=\"\" data-bg-alignment=\"center\" data-color-scheme=\"light\" data-x-pos=\"right\" data-y-pos=\"middle\" ><div class=\"slide-bg-wrap\"><div class=\"image-bg\" style=\"background-image: url(https:\/\/www.hmcapacitacion.com\/wp-content\/uploads\/2015\/04\/Gr\u00e1fico1-e1429273830122.jpg);\"> &nbsp; <\/div><\/div><div class=\"container\">\r\n\t\t\t\t\t\t<div class=\"content\"><h2>CURSOS IN COMPANY<\/h2><p class=\"transparent-bg\" ><span>Cursos In Company y en \r\nnuestro Centro de Capacitaci\u00f3n ...<\/span><\/p><div class=\"buttons\"><div class=\"button transparent_2\">\r\n\t\t\t\t\t\t\t\t\t\t <a class=\"extra-color-1\" href=\"?page_id=2092\">Cont\u00e1ctenos<\/a>\r\n\t\t\t\t\t\t\t\t\t\t<\/div><\/div><\/div>\r\n\t\t\t\t\t\t\t\t<\/div><!--\/container--><div class=\"video-texture active_texture\"> <span class=\"ie-fix\"><\/span> <\/div><\/div> <!--\/swiper-slide--><div class=\"swiper-slide\" data-desktop-content-width=\"auto\" data-tablet-content-width=\"auto\" data-bg-alignment=\"center\" data-color-scheme=\"light\" data-x-pos=\"right\" data-y-pos=\"middle\" ><div class=\"slide-bg-wrap\"><div class=\"image-bg\" style=\"background-image: url(https:\/\/www.hmcapacitacion.com\/wp-content\/uploads\/2021\/02\/Flyer-de-control-de-sangrado.png);\"> &nbsp; <\/div><\/div><div class=\"container\">\r\n\t\t\t\t\t\t<div class=\"content\"><h2>CURSOS ABIERTOS<\/h2><p class=\"transparent-bg\" ><span>Control de Hemorragias - S\u00e1bado 6 de Marzo. An\u00f3tate!<\/span><\/p><div class=\"buttons\"><div class=\"button transparent_2\">\r\n\t\t\t\t\t\t\t\t\t\t <a class=\"extra-color-1\" href=\"?page_id=2643\">Mas informaci\u00f3n...<\/a>\r\n\t\t\t\t\t\t\t\t\t\t<\/div><div class=\"button transparent_2\">\r\n\t\t\t\t\t\t\t\t\t\t<a class=\"extra-color-3\" href=\"?page_id=2092\">Cont\u00e1ctenos<\/a>\r\n\t\t\t\t\t\t\t\t\t\t<\/div><\/div><\/div>\r\n\t\t\t\t\t\t\t\t<\/div><!--\/container--><div class=\"video-texture active_texture\"> <span class=\"ie-fix\"><\/span> <\/div><\/div> <!--\/swiper-slide--><\/div><a href=\"\" class=\"slider-prev\"><i class=\"icon-salient-left-arrow\"><\/i> <div class=\"slide-count\"> <span class=\"slide-current\">1<\/span> <i class=\"icon-salient-right-line\"><\/i> <span class=\"slide-total\"><\/span> <\/div> <\/a>\r\n\t\t\t\t\t\t<a href=\"\" class=\"slider-next\"><i class=\"icon-salient-right-arrow\"><\/i> <div class=\"slide-count\"> <span class=\"slide-current\">1<\/span> <i class=\"icon-salient-right-line\"><\/i> <span class=\"slide-total\"><\/span> <\/div> <\/a><div class=\"container normal-container slider-pagination-wrap\"><div class=\"slider-pagination\"><\/div><\/div><div class=\"nectar-slider-loading \"> <span class=\"loading-icon none\">   <\/span> <\/div> <\/div> \r\n\t\t\t\t\t\r\n\t\t\t\t\t<\/div><\/div>[\/vc_column][\/vc_row][vc_row type=\u00bbfull_width_content\u00bb bg_position=\u00bbleft top\u00bb bg_repeat=\u00bbno-repeat\u00bb bg_color=\u00bb#d12727&#8243; scene_position=\u00bbcenter\u00bb text_color=\u00bbdark\u00bb text_align=\u00bbleft\u00bb][vc_column width=\u00bb1\/1&#8243;][vc_column_text][\/vc_column_text][\/vc_column][\/vc_row][vc_row type=\u00bbfull_width_background\u00bb bg_position=\u00bbleft top\u00bb bg_repeat=\u00bbno-repeat\u00bb text_color=\u00bbdark\u00bb text_align=\u00bbleft\u00bb top_padding=\u00bb90&#8243; parallax_bg=\u00bbtrue\u00bb bg_color=\u00bb#ffffff\u00bb scene_position=\u00bbcenter\u00bb bottom_padding=\u00bb30&#8243;][vc_column centered_text=\u00bbtrue\u00bb width=\u00bb1\/4&#8243; animation=\u00bbfade-in\u00bb enable_animation=\u00bbtrue\u00bb column_padding=\u00bbno-extra-padding\u00bb background_color_opacity=\u00bb1&#8243;][vc_row_inner][vc_column_inner width=\u00bb1\/1&#8243; enable_animation=\u00bbtrue\u00bb animation=\u00bbfade-in\u00bb delay=\u00bb400&#8243; column_padding=\u00bbno-extra-padding\u00bb][image_with_animation image_url=\u00bb3041&#8243; alignment=\u00bbcenter\u00bb animation=\u00bbFade In\u00bb img_link_target=\u00bb_self\u00bb][divider line_type=\u00bbFull Width Line\u00bb][\/vc_column_inner][\/vc_row_inner][vc_column_text]\n<h2 style=\"text-align: center;\">RCP &amp; DEA<\/h2>\n<p style=\"text-align: center;\">&#8211; <a title=\"RCP DEA Reanimadores Iniciales\" href=\"http:\/\/www.compuactive.net\/~adminhm\/?page_id=2796\">RCP para Reanimadores Iniciales<\/a><br \/>\n&#8211; <a title=\"RCP DEA Profesionales de la Salud\" href=\"http:\/\/www.compuactive.net\/~adminhm\/?page_id=2808\">RCP para Profesionales de la Salud<\/a><\/p>\n[\/vc_column_text][\/vc_column][vc_column width=\u00bb1\/4&#8243; animation=\u00bbfade-in\u00bb centered_text=\u00bbtrue\u00bb enable_animation=\u00bbtrue\u00bb column_padding=\u00bbno-extra-padding\u00bb background_color_opacity=\u00bb1&#8243; delay=\u00bb200&#8243;][vc_row_inner][vc_column_inner width=\u00bb1\/1&#8243; enable_animation=\u00bbtrue\u00bb animation=\u00bbfade-in\u00bb delay=\u00bb600&#8243; column_padding=\u00bbno-extra-padding\u00bb][image_with_animation image_url=\u00bb3043&#8243; alignment=\u00bbcenter\u00bb animation=\u00bbFade In\u00bb img_link_target=\u00bb_self\u00bb][divider line_type=\u00bbFull Width Line\u00bb][\/vc_column_inner][\/vc_row_inner][vc_column_text]\n<h2>Primeros Auxilios<\/h2>\n<p>&#8211; <a title=\"Primeros Auxilios Generales\" href=\"http:\/\/www.compuactive.net\/~adminhm\/?page_id=2844\">Primeros Auxilios Generales<\/a><br \/>\n&#8211; <a title=\"Primeros Auxilios Pedi\u00e1tricos\" href=\"http:\/\/www.compuactive.net\/~adminhm\/?page_id=2842\">Primeros Auxilios Pedi\u00e1tricos<\/a><br \/>\n&#8211; <a title=\"Asistencia B\u00e1sica en Trauma\" href=\"http:\/\/www.compuactive.net\/~adminhm\/?page_id=2869\">Asistencia B\u00e1sica en Trauma<\/a>[\/vc_column_text][\/vc_column][vc_column width=\u00bb1\/4&#8243; animation=\u00bbfade-in\u00bb centered_text=\u00bbtrue\u00bb enable_animation=\u00bbtrue\u00bb column_padding=\u00bbno-extra-padding\u00bb background_color_opacity=\u00bb1&#8243; delay=\u00bb400&#8243;][vc_row_inner][vc_column_inner width=\u00bb1\/1&#8243; enable_animation=\u00bbtrue\u00bb animation=\u00bbfade-in\u00bb delay=\u00bb800&#8243; column_padding=\u00bbno-extra-padding\u00bb][image_with_animation image_url=\u00bb5054&#8243; alignment=\u00bbcenter\u00bb animation=\u00bbFade In\u00bb img_link_target=\u00bb_self\u00bb][divider line_type=\u00bbFull Width Line\u00bb][\/vc_column_inner][\/vc_row_inner][vc_column_text]\n<h2>Combinados<\/h2>\n<p>&#8211; <a title=\"RCP y Primeros Auxilios B\u00e1sicos\" href=\"http:\/\/www.compuactive.net\/~adminhm\/?page_id=2814\">RCP y Primeros Auxilios B\u00e1sicos<\/a><br \/>\n&#8211; <a title=\"RCP y Primeros Auxilios Pedi\u00e1tricos\" href=\"http:\/\/www.compuactive.net\/~adminhm\/?page_id=2836\">RCP y Primeros Auxilios Pedi\u00e1tricos<\/a>[\/vc_column_text][\/vc_column][vc_column width=\u00bb1\/4&#8243; animation=\u00bbfade-in\u00bb centered_text=\u00bbtrue\u00bb enable_animation=\u00bbtrue\u00bb column_padding=\u00bbno-extra-padding\u00bb background_color_opacity=\u00bb1&#8243; delay=\u00bb600&#8243;][vc_row_inner][vc_column_inner width=\u00bb1\/1&#8243; enable_animation=\u00bbtrue\u00bb animation=\u00bbfade-in\u00bb delay=\u00bb1000&#8243; column_padding=\u00bbno-extra-padding\u00bb][image_with_animation image_url=\u00bb3056&#8243; alignment=\u00bbcenter\u00bb animation=\u00bbFade In\u00bb img_link_target=\u00bb_self\u00bb][divider line_type=\u00bbFull Width Line\u00bb][\/vc_column_inner][\/vc_row_inner][vc_column_text]\n<h2>Rescate &amp; Seguridad<\/h2>\n<p>&#8211; <a title=\"Rescate T\u00e9cnico con Cuerdas\" href=\"http:\/\/www.compuactive.net\/~adminhm\/?page_id=2973\">Rescate T\u00e9cnico con Cuerdas<\/a><br \/>\n&#8211; <a title=\"Rescate en Espacios Confinados\" href=\"http:\/\/www.hmcapacitacion.com\/?page_id=9\">Rescate en Espacios Confinados<\/a><br \/>\n&#8211; <a title=\"Extinci\u00f3n de Incendios y Evacuaci\u00f3n\" href=\"http:\/\/www.compuactive.net\/~adminhm\/?page_id=2969\">Extinci\u00f3n de Incendios y Evacuaci\u00f3n<\/a><br \/>\n&#8211; <a title=\"Materiales Peligrosos\" href=\"http:\/\/www.compuactive.net\/~adminhm\/?page_id=2971\">Materiales Peligrosos<\/a><br \/>\n&#8211; <a title=\"T\u00e9cnicas B\u00e1sicas en Salvamento Acu\u00e1tico\" href=\"http:\/\/www.compuactive.net\/~adminhm\/?page_id=3012\">T\u00e9cnicas B\u00e1sicas en Salvamento Acu\u00e1tico<\/a><br \/>\n&#8211; <a title=\"Formaci\u00f3n de Brigadas\" href=\"http:\/\/www.compuactive.net\/~adminhm\/?page_id=2975\">Formaci\u00f3n de Brigadas<\/a>[\/vc_column_text][\/vc_column][\/vc_row][vc_row type=\u00bbfull_width_background\u00bb bg_position=\u00bbcenter center\u00bb bg_repeat=\u00bbno-repeat\u00bb bg_color=\u00bb#f2f2f2&#8243; scene_position=\u00bbcenter\u00bb text_color=\u00bbdark\u00bb text_align=\u00bbleft\u00bb][vc_column width=\u00bb1\/2&#8243; animation=\u00bbnone\u00bb column_padding=\u00bbno-extra-padding\u00bb background_color_opacity=\u00bb1&#8243;][vc_row_inner][vc_column_inner width=\u00bb1\/1&#8243;][\/vc_column_inner][\/vc_row_inner][vc_row_inner][vc_column_inner width=\u00bb1\/1&#8243;][vc_column_text]\n<h6 style=\"text-align: center;\"><strong>\u00a0Consulte por su DEA + Capacitaci\u00f3n<\/strong><\/h6>\n<p><a href=\"http:\/\/www.hmcapacitacion.com\/?page_id=4130\"><img loading=\"lazy\" decoding=\"async\" class=\"alignnone size-medium wp-image-4188 aligncenter\" src=\"https:\/\/i0.wp.com\/www.hmcapacitacion.com\/wp-content\/uploads\/2014\/03\/link1-300x124.png?resize=300%2C124\" alt=\"link\" width=\"300\" height=\"124\" srcset=\"https:\/\/i0.wp.com\/www.hmcapacitacion.com\/wp-content\/uploads\/2014\/03\/link1.png?resize=300%2C124&amp;ssl=1 300w, https:\/\/i0.wp.com\/www.hmcapacitacion.com\/wp-content\/uploads\/2014\/03\/link1.png?w=361&amp;ssl=1 361w\" sizes=\"(max-width: 300px) 100vw, 300px\" data-recalc-dims=\"1\" \/><\/a>[\/vc_column_text][\/vc_column_inner][\/vc_row_inner][\/vc_column][vc_column width=\u00bb1\/2&#8243;][vc_row_inner][vc_column_inner width=\u00bb1\/2&#8243;][\/vc_column_inner][vc_column_inner width=\u00bb1\/2&#8243;][\/vc_column_inner][\/vc_row_inner][vc_column_text]\n<h2>\u00a1PR\u00d3XIMOS CURSOS\u00a0ABIERTOS!<\/h2>\n[\/vc_column_text][vc_column_text]<h2>A la brevedad publicaremos nuevas fechas de cursos...<\/h2>[\/vc_column_text][\/vc_column][\/vc_row][vc_row type=\u00bbfull_width_background\u00bb bg_position=\u00bbleft top\u00bb bg_repeat=\u00bbrepeat\u00bb bg_color=\u00bb#ffffff\u00bb scene_position=\u00bbcenter\u00bb text_color=\u00bbdark\u00bb text_align=\u00bbleft\u00bb bottom_padding=\u00bb30&#8243;][vc_column width=\u00bb1\/1&#8243;][divider line_type=\u00bbFull Width Line\u00bb][\/vc_column][\/vc_row][vc_row type=\u00bbfull_width_background\u00bb bg_position=\u00bbcenter top\u00bb bg_repeat=\u00bbno-repeat\u00bb bg_color=\u00bb#3a3737&#8243; scene_position=\u00bbcenter\u00bb text_color=\u00bbdark\u00bb text_align=\u00bbleft\u00bb bottom_padding=\u00bb30&#8243; top_padding=\u00bb30&#8243;][vc_column width=\u00bb1\/2&#8243;][vc_video link=\u00bbhttps:\/\/www.youtube.com\/watch?v=JMJANAacyL0&amp;feature=youtu.be\u00bb][\/vc_column][vc_column width=\u00bb1\/2&#8243;][vc_column_text]<strong><span style=\"color: #ffffff;\">HM CAPACITACI\u00d3N<\/span><\/strong><\/p>\n<p><span style=\"color: #ffffff;\">&#8211; Cursos para empresas, clubes, colegios, p\u00fablico en general y personal de la salud.<br \/>\n<span style=\"color: #ffffff;\">&#8211; Dictados in company y en nuestro centro de capacitaci\u00f3n.<\/span><br \/>\n<span style=\"color: #ffffff;\">&#8211; Somos m\u00e9dicos, t\u00e9cnicos en emergencias, t\u00e9cnicos en higiene y seguridad, enfermeros, bomberos, rescatistas, guardavidas, profesores de educaci\u00f3n f\u00edsica.<\/span><br \/>\n<span style=\"color: #ffffff;\">&#8211; Certificaciones Internacionales.<\/span><br \/>\n<span style=\"color: #ffffff;\">&#8211; Formatos est\u00e1ndar y a medida.<\/span><\/span><br \/>\n<span style=\"color: #ffffff;\">&#8211; Cursos de corta y larga duraci\u00f3n.<\/span><br \/>\n<span style=\"color: #ffffff;\">&#8211; Gran variedad de materiales.<\/span><br \/>\n<span style=\"color: #ffffff;\">&#8211; Flexibilidad en d\u00edas y horarios.<\/span><br \/>\n<span style=\"color: #ffffff;\">&#8211; Instructores con a\u00f1os de experiencia.<\/span><br \/>\n<span style=\"color: #ffffff;\">&#8211; Excelente relaci\u00f3n costo-calidad.<\/span><br \/>\n<span style=\"color: #ffffff;\">&#8211; Presupuestos en el d\u00eda.<\/span>[\/vc_column_text][\/vc_column][\/vc_row][vc_row type=\u00bbfull_width_background\u00bb bg_position=\u00bbleft top\u00bb bg_repeat=\u00bbno-repeat\u00bb text_color=\u00bbdark\u00bb text_align=\u00bbleft\u00bb top_padding=\u00bb0&#8243; bottom_padding=\u00bb30&#8243; scene_position=\u00bbcenter\u00bb][vc_column width=\u00bb1\/1&#8243;]<div class=\"carousel-wrap recent-work-carousel \" data-ctc=\"dark\" data-full-width=\"true\">\r\n\t\t\t\t\t\r\n\t\t\t\t\t<div class=\"carousel-heading\"><div class=\"container\"><h2>Capacitaciones realizadas recientemente:<\/h2><div class=\"controls\"><a class=\"portfolio-page-link\" href=\"?page_id=733\"><i class=\"icon-salient-back-to-all\"><\/i><\/a>\r\n\t\t\t\t\t\t<a class=\"carousel-prev\" href=\"#\"><i class=\"icon-salient-left-arrow-thin\"><\/i><\/a>\r\n\t\t\t\t\t\t<a class=\"carousel-next\" href=\"#\"><i class=\"icon-salient-right-arrow-thin\"><\/i><\/a><\/div><\/div><\/div>\r\n\t\t\t\t\t\r\n\t\t\t\t\t<ul class=\"row portfolio-items text-align-center carousel\" data-scroll-speed=\"800\" data-easing=\"easeInOutQuart\"><li class=\"col span_4 no-margin\" data-default-color=\"true\" data-title-color=\"\" data-subtitle-color=\"\">\r\n\t\t\t\t\t\t\t\r\n\t\t\t\t\t\t\t<div class=\"work-item style-4\" data-custom-content=\"\"><img loading=\"lazy\" decoding=\"async\" width=\"600\" height=\"403\" src=\"https:\/\/i0.wp.com\/www.hmcapacitacion.com\/wp-content\/uploads\/2016\/05\/15.jpg?resize=600%2C403&amp;ssl=1\" class=\"attachment-portfolio-thumb size-portfolio-thumb wp-post-image\" alt=\"\" title=\"\" srcset=\"https:\/\/i0.wp.com\/www.hmcapacitacion.com\/wp-content\/uploads\/2016\/05\/15.jpg?w=601&amp;ssl=1 601w, https:\/\/i0.wp.com\/www.hmcapacitacion.com\/wp-content\/uploads\/2016\/05\/15.jpg?resize=300%2C202&amp;ssl=1 300w, https:\/\/i0.wp.com\/www.hmcapacitacion.com\/wp-content\/uploads\/2016\/05\/15.jpg?resize=600%2C403&amp;ssl=1 600w\" sizes=\"(max-width: 600px) 100vw, 600px\" \/>\r\n\t\t\t\t\t\t\t\r\n\t\t\t\t\t\t\t<div class=\"work-info\">\r\n\t\t\t\t\t\t\t\r\n\t\t\t\t\t\t\t<a href=\"https:\/\/www.hmcapacitacion.com\/?portfolio=gimnasio-stadium-tres-arroyos-curso-de-rcp-y-utilizacion-de-dea\"><\/a><div class=\"bottom-meta\"><h3>Gimnasio Stadium Tres Arroyos &#8211; Curso de RCP y Utilizaci\u00f3n de DEA<\/h3><p>31 mayo, 2016<\/p><\/div><!--\/bottom-meta--><\/div>\r\n\t\t\t\t\t\t\t<\/div><!--work-item-->\r\n\t\t\t\t\t\t\t\r\n\t\t\t\t\t\t\t<\/li><!--\/span_4--><li class=\"col span_4 no-margin\" data-default-color=\"true\" data-title-color=\"\" data-subtitle-color=\"\">\r\n\t\t\t\t\t\t\t\r\n\t\t\t\t\t\t\t<div class=\"work-item style-4\" data-custom-content=\"\"><img decoding=\"async\" class=\"custom-thumbnail skip-lazy\" src=\"https:\/\/i0.wp.com\/www.hmcapacitacion.com\/wp-content\/uploads\/2016\/05\/3.jpg?w=1080&#038;ssl=1\" alt=\"Individual &#8211; Curso B\u00e1sico de Materiales Peligrosos\" data-recalc-dims=\"1\" \/>\r\n\t\t\t\t\t\t\t\r\n\t\t\t\t\t\t\t<div class=\"work-info\">\r\n\t\t\t\t\t\t\t\r\n\t\t\t\t\t\t\t<a href=\"https:\/\/www.hmcapacitacion.com\/?portfolio=individual-curso-basico-de-materiales-peligrosos\"><\/a><div class=\"bottom-meta\"><h3>Individual &#8211; Curso B\u00e1sico de Materiales Peligrosos<\/h3><p>15 mayo, 2016<\/p><\/div><!--\/bottom-meta--><\/div>\r\n\t\t\t\t\t\t\t<\/div><!--work-item-->\r\n\t\t\t\t\t\t\t\r\n\t\t\t\t\t\t\t<\/li><!--\/span_4--><li class=\"col span_4 no-margin\" data-default-color=\"true\" data-title-color=\"\" data-subtitle-color=\"\">\r\n\t\t\t\t\t\t\t\r\n\t\t\t\t\t\t\t<div class=\"work-item style-4\" data-custom-content=\"\"><img decoding=\"async\" class=\"custom-thumbnail skip-lazy\" src=\"https:\/\/i0.wp.com\/www.hmcapacitacion.com\/wp-content\/uploads\/2016\/04\/2.jpg?w=1080&#038;ssl=1\" alt=\"Asociaci\u00f3n Civil SERES &#8211; Curso de RCP y Primeros Auxilios B\u00e1sicos\" data-recalc-dims=\"1\" \/>\r\n\t\t\t\t\t\t\t\r\n\t\t\t\t\t\t\t<div class=\"work-info\">\r\n\t\t\t\t\t\t\t\r\n\t\t\t\t\t\t\t<a href=\"https:\/\/www.hmcapacitacion.com\/?portfolio=asociacion-civil-seres-curso-de-rcp-y-primeros-auxilios-basicos\"><\/a><div class=\"bottom-meta\"><h3>Asociaci\u00f3n Civil SERES &#8211; Curso de RCP y Primeros Auxilios B\u00e1sicos<\/h3><p>30 abril, 2016<\/p><\/div><!--\/bottom-meta--><\/div>\r\n\t\t\t\t\t\t\t<\/div><!--work-item-->\r\n\t\t\t\t\t\t\t\r\n\t\t\t\t\t\t\t<\/li><!--\/span_4--><li class=\"col span_4 no-margin\" data-default-color=\"true\" data-title-color=\"\" data-subtitle-color=\"\">\r\n\t\t\t\t\t\t\t\r\n\t\t\t\t\t\t\t<div class=\"work-item style-4\" data-custom-content=\"\"><img decoding=\"async\" class=\"custom-thumbnail skip-lazy\" src=\"https:\/\/i0.wp.com\/www.hmcapacitacion.com\/wp-content\/uploads\/2016\/04\/3..jpg?w=1080&#038;ssl=1\" alt=\"Fundaci\u00f3n Argentina Integral de Taekwon-do &#8211; Curso de RCP y DEA para Reanimadores Iniciales\" data-recalc-dims=\"1\" \/>\r\n\t\t\t\t\t\t\t\r\n\t\t\t\t\t\t\t<div class=\"work-info\">\r\n\t\t\t\t\t\t\t\r\n\t\t\t\t\t\t\t<a href=\"https:\/\/www.hmcapacitacion.com\/?portfolio=fundacion-argentina-integral-de-tae-kwondo\"><\/a><div class=\"bottom-meta\"><h3>Fundaci\u00f3n Argentina Integral de Taekwon-do &#8211; Curso de RCP y DEA para Reanimadores Iniciales<\/h3><p>16 abril, 2016<\/p><\/div><!--\/bottom-meta--><\/div>\r\n\t\t\t\t\t\t\t<\/div><!--work-item-->\r\n\t\t\t\t\t\t\t\r\n\t\t\t\t\t\t\t<\/li><!--\/span_4--><li class=\"col span_4 no-margin\" data-default-color=\"true\" data-title-color=\"\" data-subtitle-color=\"\">\r\n\t\t\t\t\t\t\t\r\n\t\t\t\t\t\t\t<div class=\"work-item style-4\" data-custom-content=\"\"><img decoding=\"async\" class=\"custom-thumbnail skip-lazy\" src=\"https:\/\/i0.wp.com\/www.hmcapacitacion.com\/wp-content\/uploads\/2016\/02\/web11.jpg?w=1080&#038;ssl=1\" alt=\"Jard\u00edn de Infantes 903 &#8211; Curso de RCP y Primeros Auxilios Pedi\u00e1tricos\" data-recalc-dims=\"1\" \/>\r\n\t\t\t\t\t\t\t\r\n\t\t\t\t\t\t\t<div class=\"work-info\">\r\n\t\t\t\t\t\t\t\r\n\t\t\t\t\t\t\t<a href=\"https:\/\/www.hmcapacitacion.com\/?portfolio=jardin-de-infantes-903-curso-de-rcp-y-primeros-auxilios-pediatricos\"><\/a><div class=\"bottom-meta\"><h3>Jard\u00edn de Infantes 903 &#8211; Curso de RCP y Primeros Auxilios Pedi\u00e1tricos<\/h3><p>18 febrero, 2016<\/p><\/div><!--\/bottom-meta--><\/div>\r\n\t\t\t\t\t\t\t<\/div><!--work-item-->\r\n\t\t\t\t\t\t\t\r\n\t\t\t\t\t\t\t<\/li><!--\/span_4--><li class=\"col span_4 no-margin\" data-default-color=\"true\" data-title-color=\"\" data-subtitle-color=\"\">\r\n\t\t\t\t\t\t\t\r\n\t\t\t\t\t\t\t<div class=\"work-item style-4\" data-custom-content=\"\"><img decoding=\"async\" class=\"custom-thumbnail skip-lazy\" src=\"https:\/\/i0.wp.com\/www.hmcapacitacion.com\/wp-content\/uploads\/2015\/12\/21.jpg?w=1080&#038;ssl=1\" alt=\"Inteco Argentina SRL &#8211; Curso de Primeros Auxilios\" data-recalc-dims=\"1\" \/>\r\n\t\t\t\t\t\t\t\r\n\t\t\t\t\t\t\t<div class=\"work-info\">\r\n\t\t\t\t\t\t\t\r\n\t\t\t\t\t\t\t<a href=\"https:\/\/www.hmcapacitacion.com\/?portfolio=inteco-argentina-srl-curso-de-primeros-auxilios\"><\/a><div class=\"bottom-meta\"><h3>Inteco Argentina SRL &#8211; Curso de Primeros Auxilios<\/h3><p>18 diciembre, 2015<\/p><\/div><!--\/bottom-meta--><\/div>\r\n\t\t\t\t\t\t\t<\/div><!--work-item-->\r\n\t\t\t\t\t\t\t\r\n\t\t\t\t\t\t\t<\/li><!--\/span_4--><li class=\"col span_4 no-margin\" data-default-color=\"true\" data-title-color=\"\" data-subtitle-color=\"\">\r\n\t\t\t\t\t\t\t\r\n\t\t\t\t\t\t\t<div class=\"work-item style-4\" data-custom-content=\"\"><img decoding=\"async\" class=\"custom-thumbnail skip-lazy\" src=\"https:\/\/i0.wp.com\/www.hmcapacitacion.com\/wp-content\/uploads\/2015\/12\/1.jpg?w=1080&#038;ssl=1\" alt=\"Gimnasio Casablanca &#8211; Curso de RCP y Primeros Auxilios B\u00e1sicos\" data-recalc-dims=\"1\" \/>\r\n\t\t\t\t\t\t\t\r\n\t\t\t\t\t\t\t<div class=\"work-info\">\r\n\t\t\t\t\t\t\t\r\n\t\t\t\t\t\t\t<a href=\"https:\/\/www.hmcapacitacion.com\/?portfolio=gimnasio-casablanca-rcp-y-primeros-auxilios-basicos\"><\/a><div class=\"bottom-meta\"><h3>Gimnasio Casablanca &#8211; Curso de RCP y Primeros Auxilios B\u00e1sicos<\/h3><p>3 diciembre, 2015<\/p><\/div><!--\/bottom-meta--><\/div>\r\n\t\t\t\t\t\t\t<\/div><!--work-item-->\r\n\t\t\t\t\t\t\t\r\n\t\t\t\t\t\t\t<\/li><!--\/span_4--><li class=\"col span_4 no-margin\" data-default-color=\"true\" data-title-color=\"\" data-subtitle-color=\"\">\r\n\t\t\t\t\t\t\t\r\n\t\t\t\t\t\t\t<div class=\"work-item style-4\" data-custom-content=\"\"><img decoding=\"async\" class=\"custom-thumbnail skip-lazy\" src=\"https:\/\/i0.wp.com\/www.hmcapacitacion.com\/wp-content\/uploads\/2015\/11\/2.jpg?w=1080&#038;ssl=1\" alt=\"Sport Caballito &#8211; Curso de RCP y DEA para Reanimadores Iniciales\" data-recalc-dims=\"1\" \/>\r\n\t\t\t\t\t\t\t\r\n\t\t\t\t\t\t\t<div class=\"work-info\">\r\n\t\t\t\t\t\t\t\r\n\t\t\t\t\t\t\t<a href=\"https:\/\/www.hmcapacitacion.com\/?portfolio=sport-caballito-curso-de-rcp-y-dea-para-reanimadores-iniciales\"><\/a><div class=\"bottom-meta\"><h3>Sport Caballito &#8211; Curso de RCP y DEA para Reanimadores Iniciales<\/h3><p>16 noviembre, 2015<\/p><\/div><!--\/bottom-meta--><\/div>\r\n\t\t\t\t\t\t\t<\/div><!--work-item-->\r\n\t\t\t\t\t\t\t\r\n\t\t\t\t\t\t\t<\/li><!--\/span_4--><\/ul><!--\/carousel--><\/div><!--\/carousel-wrap-->[\/vc_column][\/vc_row][vc_row][vc_column][vc_column_text][\/vc_column_text][\/vc_column][\/vc_row]\n","protected":false},"excerpt":{"rendered":"<p>[vc_row][vc_column width=\u00bb1\/1&#8243;][\/vc_column][\/vc_row][vc_row type=\u00bbfull_width_content\u00bb bg_position=\u00bbleft top\u00bb bg_repeat=\u00bbno-repeat\u00bb bg_color=\u00bb#d12727&#8243; scene_position=\u00bbcenter\u00bb text_color=\u00bbdark\u00bb text_align=\u00bbleft\u00bb][vc_column width=\u00bb1\/1&#8243;][vc_column_text][\/vc_column_text][\/vc_column][\/vc_row][vc_row type=\u00bbfull_width_background\u00bb bg_position=\u00bbleft top\u00bb bg_repeat=\u00bbno-repeat\u00bb text_color=\u00bbdark\u00bb text_align=\u00bbleft\u00bb top_padding=\u00bb90&#8243; parallax_bg=\u00bbtrue\u00bb bg_color=\u00bb#ffffff\u00bb scene_position=\u00bbcenter\u00bb bottom_padding=\u00bb30&#8243;][vc_column centered_text=\u00bbtrue\u00bb width=\u00bb1\/4&#8243; animation=\u00bbfade-in\u00bb enable_animation=\u00bbtrue\u00bb column_padding=\u00bbno-extra-padding\u00bb background_color_opacity=\u00bb1&#8243;][vc_row_inner][vc_column_inner width=\u00bb1\/1&#8243; enable_animation=\u00bbtrue\u00bb&#8230;<\/p>\n","protected":false},"author":1,"featured_media":0,"parent":0,"menu_order":9,"comment_status":"open","ping_status":"open","template":"","meta":{"footnotes":""},"jetpack_sharing_enabled":true,"_links":{"self":[{"href":"https:\/\/www.hmcapacitacion.com\/index.php?rest_route=\/wp\/v2\/pages\/2129"}],"collection":[{"href":"https:\/\/www.hmcapacitacion.com\/index.php?rest_route=\/wp\/v2\/pages"}],"about":[{"href":"https:\/\/www.hmcapacitacion.com\/index.php?rest_route=\/wp\/v2\/types\/page"}],"author":[{"embeddable":true,"href":"https:\/\/www.hmcapacitacion.com\/index.php?rest_route=\/wp\/v2\/users\/1"}],"replies":[{"embeddable":true,"href":"https:\/\/www.hmcapacitacion.com\/index.php?rest_route=%2Fwp%2Fv2%2Fcomments&post=2129"}],"version-history":[{"count":241,"href":"https:\/\/www.hmcapacitacion.com\/index.php?rest_route=\/wp\/v2\/pages\/2129\/revisions"}],"predecessor-version":[{"id":5055,"href":"https:\/\/www.hmcapacitacion.com\/index.php?rest_route=\/wp\/v2\/pages\/2129\/revisions\/5055"}],"wp:attachment":[{"href":"https:\/\/www.hmcapacitacion.com\/index.php?rest_route=%2Fwp%2Fv2%2Fmedia&parent=2129"}],"curies":[{"name":"wp","href":"https:\/\/api.w.org\/{rel}","templated":true}]}}