{"id":2808,"date":"2015-04-03T13:46:49","date_gmt":"2015-04-03T13:46:49","guid":{"rendered":"http:\/\/www.compuactive.net\/~adminhm\/?page_id=2808"},"modified":"2021-01-17T13:53:57","modified_gmt":"2021-01-17T13:53:57","slug":"rcp-profesionales-de-la-salud","status":"publish","type":"page","link":"https:\/\/www.hmcapacitacion.com\/?page_id=2808","title":{"rendered":"RCP DEA Profesionales de la Salud"},"content":{"rendered":"[vc_row type=\u00bbin_container\u00bb bg_position=\u00bbleft top\u00bb bg_repeat=\u00bbrepeat\u00bb bg_color=\u00bb#dd3333&#8243; scene_position=\u00bbcenter\u00bb text_color=\u00bbdark\u00bb text_align=\u00bbleft\u00bb][vc_column width=\u00bb1\/1&#8243;][vc_column_text][\/vc_column_text][\/vc_column][\/vc_row][vc_row][vc_column width=\u00bb1\/2&#8243;][vc_column_text]\n<h2>Curso dirigido a:<\/h2>\n<p>Personal que se desempe\u00f1e en el \u00e1mbito de la salud, bomberos, socorristas, rescatistas, guardavidas, estudiantes de carreras de \u00e1mbito de la salud, m\u00e9dicos,\u00a0enfermeros, choferes de ambulancias, t\u00e9cnicos,\u00a0auxiliares, odont\u00f3logos y toda aquella persona que desee \u201caprender a Salvar Vidas\u201d.<\/p>\n<h2>Duraci\u00f3n<\/h2>\n<p>La capacitaci\u00f3n durar\u00e1 6 horas.<\/p>\n<h2>Metodolog\u00eda<\/h2>\n<p>&#8211; Exposici\u00f3n del instructor.<br \/>\n&#8211; Exposici\u00f3n de un video instructivo y diapositivas.<br \/>\n&#8211; An\u00e1lisis de situaciones reales.<br \/>\n&#8211; <strong>Estaciones pr\u00e1cticas de trabajo<\/strong>:<br \/>\nA\u00a0&#8211; Compresiones tor\u00e1cicas y ventilaciones de rescate en adultos, ni\u00f1os y lactantes.<br \/>\nB\u00a0&#8211; Protocolo de RCP y D.E.A. para profesionales de la salud en adultos, ni\u00f1os y lactantes.<br \/>\nC\u00a0&#8211; T\u00e9cnicas de uso de dispositivos de ventilaci\u00f3n (m\u00e1scaras, bolseadores, tubos de ox\u00edgeno).<br \/>\nD\u00a0&#8211; Manejo de dispositivos de apertura de la v\u00eda a\u00e9rea (c\u00e1nulas orofar\u00edngeas, m\u00e1scaras lar\u00edngeas y aspirador de secreciones).<br \/>\nE\u00a0&#8211; Uso\u00a0del\u00a0D.E.A con uno y varios reanimadores.<br \/>\n[\/vc_column_text][\/vc_column][vc_column width=\u00bb1\/2&#8243;][vc_column_text]\n<h2>Materiales<\/h2>\n<p>&#8211; Maniqu\u00edes de R.C.P. uno cada 3 personas, (tama\u00f1o adultos, ni\u00f1os y lactantes), m\u00e1scaras de R.C.P., bolseadores, c\u00e1nulas oro y nasofaringeas, m\u00e1scaras laringeas, simuladores de D.E.A., tubos de ox\u00edgeno, ox\u00edmetros de pulso, aspiradores de secreciones y guantes descartables.<\/p>\n<h2>Contenidos<\/h2>\n<p>&#8211; Medidas de bioseguridad (guantes descartables, m\u00e1scaras de RCP, etc.).<br \/>\n&#8211; Activaci\u00f3n del SEM (Sistema de Emergencias M\u00e9dicas).<br \/>\n&#8211; Evaluaci\u00f3n de la seguridad del escenario.<br \/>\n&#8211; El concepto de la R.C.P.<br \/>\n&#8211; La cadena de supervivencia de adultos y de pediatr\u00eda.<br \/>\n&#8211; Protocolos A.H.A. 2020 de R.C.P. y D.E.A. para profesionales de la salud en v\u00edctimas traumatizadas y no traumatizadas.<br \/>\n&#8211; Maniobras de R.C.P. y uso de D.E.A. con uno, dos y tres operadores en victimas adultos, ni\u00f1os y lactantes.<br \/>\n&#8211; Control de pulso y respiraci\u00f3n.<br \/>\n&#8211; Las t\u00e9cnicas de apertura de la v\u00eda a\u00e9rea.<br \/>\n&#8211; T\u00e9cnicas de las compresiones tor\u00e1cicas seg\u00fan las distintas edades.<br \/>\n&#8211; Inserci\u00f3n de c\u00e1nulas orofaringeas, c\u00e1nulas nasofaringeas y m\u00e1scaras laringeas.<br \/>\n&#8211; Utilizaci\u00f3n de m\u00e1scaras de respiraci\u00f3n artificial y bolseadores amb\u00fa.<br \/>\n&#8211; Manejo del v\u00f3mito: aspiraci\u00f3n de secreciones.<br \/>\n&#8211; Uso del tubo de ox\u00edgeno.<br \/>\n&#8211; Desfibrilaci\u00f3n: utilizaci\u00f3n del D.E.A y su kit accesorio.[\/vc_column_text][\/vc_column][\/vc_row][vc_row][vc_column width=\u00bb1\/1&#8243;][vc_column_text]\n<h2>Requisitos institucionales<\/h2>\n<p>1- La instituci\u00f3n o empresa organizadora deber\u00e1 contar:<br \/>\na- Con el espacio, sillas y mesas suficientes (seg\u00fan la cantidad de personas interesadas en el curso) para desarrollar las actividades te\u00f3ricas pr\u00e1cticas.<br \/>\nb- HM Capacitaci\u00f3n se hace cargo de los instrumentos t\u00e9cnicos de audio y video, tales como un reproductor de DVD o una notebook, un ca\u00f1\u00f3n proyector multimedia y parlantes.<br \/>\n2- Los asistentes al curso deber\u00e1n contar con ropa c\u00f3moda para la mejor pr\u00e1ctica de las t\u00e9cnicas de RCP y DEA y material (cuaderno y lapicera) para apuntar en la capacitaci\u00f3n.<\/p>\n<h2>Otras caracter\u00edsticas<\/h2>\n<p>&#8211; El d\u00eda y lugar del curso se fijar\u00e1 en com\u00fan acuerdo con las autoridades de la empresa, instituci\u00f3n escolar, deportiva o social.<br \/>\n&#8211; Los alumnos recibir\u00e1n un CD con material de estudio de los temas del curso y un diploma de asistencia que deje constancia del mismo.[\/vc_column_text][\/vc_column][\/vc_row]\n","protected":false},"excerpt":{"rendered":"<p>[vc_row type=\u00bbin_container\u00bb bg_position=\u00bbleft top\u00bb bg_repeat=\u00bbrepeat\u00bb bg_color=\u00bb#dd3333&#8243; scene_position=\u00bbcenter\u00bb text_color=\u00bbdark\u00bb text_align=\u00bbleft\u00bb][vc_column width=\u00bb1\/1&#8243;][vc_column_text][\/vc_column_text][\/vc_column][\/vc_row][vc_row][vc_column width=\u00bb1\/2&#8243;][vc_column_text] Curso dirigido a: Personal que se desempe\u00f1e en el \u00e1mbito de la salud, bomberos, socorristas, rescatistas, guardavidas, estudiantes de&#8230;<\/p>\n","protected":false},"author":1,"featured_media":0,"parent":0,"menu_order":0,"comment_status":"open","ping_status":"open","template":"","meta":{"footnotes":""},"jetpack_sharing_enabled":true,"_links":{"self":[{"href":"https:\/\/www.hmcapacitacion.com\/index.php?rest_route=\/wp\/v2\/pages\/2808"}],"collection":[{"href":"https:\/\/www.hmcapacitacion.com\/index.php?rest_route=\/wp\/v2\/pages"}],"about":[{"href":"https:\/\/www.hmcapacitacion.com\/index.php?rest_route=\/wp\/v2\/types\/page"}],"author":[{"embeddable":true,"href":"https:\/\/www.hmcapacitacion.com\/index.php?rest_route=\/wp\/v2\/users\/1"}],"replies":[{"embeddable":true,"href":"https:\/\/www.hmcapacitacion.com\/index.php?rest_route=%2Fwp%2Fv2%2Fcomments&post=2808"}],"version-history":[{"count":37,"href":"https:\/\/www.hmcapacitacion.com\/index.php?rest_route=\/wp\/v2\/pages\/2808\/revisions"}],"predecessor-version":[{"id":5220,"href":"https:\/\/www.hmcapacitacion.com\/index.php?rest_route=\/wp\/v2\/pages\/2808\/revisions\/5220"}],"wp:attachment":[{"href":"https:\/\/www.hmcapacitacion.com\/index.php?rest_route=%2Fwp%2Fv2%2Fmedia&parent=2808"}],"curies":[{"name":"wp","href":"https:\/\/api.w.org\/{rel}","templated":true}]}}