{"id":2836,"date":"2015-04-03T16:37:20","date_gmt":"2015-04-03T16:37:20","guid":{"rendered":"http:\/\/www.compuactive.net\/~adminhm\/?page_id=2836"},"modified":"2024-09-15T19:44:29","modified_gmt":"2024-09-15T19:44:29","slug":"rcp-y-primeros-auxilios-pediatricos","status":"publish","type":"page","link":"https:\/\/www.hmcapacitacion.com\/?page_id=2836","title":{"rendered":"RCP y Primeros Auxilios Pedi\u00e1tricos"},"content":{"rendered":"[vc_row type=\u00bbin_container\u00bb bg_position=\u00bbleft top\u00bb bg_repeat=\u00bbrepeat\u00bb bg_color=\u00bb#dd3333&#8243; scene_position=\u00bbcenter\u00bb text_color=\u00bbdark\u00bb text_align=\u00bbleft\u00bb][vc_column width=\u00bb1\/1&#8243;][vc_column_text][\/vc_column_text][\/vc_column][\/vc_row][vc_row][vc_column width=\u00bb1\/2&#8243;][vc_column_text]\n<h2>Curso dirigido a:<\/h2>\n<p>P\u00fablico en general; docentes, puericultoras, ni\u00f1eras, embarazadas, padres y a toda aquella persona que deseen aprender a Salvar Vidas. No hace falta poseer conocimientos previos.<\/p>\n<h2>Duraci\u00f3n<\/h2>\n<p>La capacitaci\u00f3n durar\u00e1 3\u00a0horas 30 min.<\/p>\n<h2>Metodolog\u00eda<\/h2>\n<p>&#8211; Disertaci\u00f3n del instructor.<br \/>\n&#8211; Exposici\u00f3n de un video instructivo y diapositivas.<br \/>\n&#8211; An\u00e1lisis de situaciones reales.<br \/>\n&#8211; <strong>Estaciones pr\u00e1cticas de trabajo<\/strong>:<br \/>\nA &#8211; T\u00e9cnicas de manejo de la bioseguridad.<br \/>\nB &#8211; Protocolo de RCP en personas ni\u00f1os y lactantes.<br \/>\nC &#8211; T\u00e9cnicas de desobstrucci\u00f3n de las v\u00edas a\u00e9reas en ni\u00f1os y lactantes.<br \/>\nD &#8211; Procedimiento de asistencia ante una hemorragia.[\/vc_column_text][\/vc_column][vc_column width=\u00bb1\/2&#8243;][vc_column_text]\n<h2>Materiales<\/h2>\n<p>&#8211; Maniqu\u00edes de R.C.P. uno cada 2\u00a0personas, (tama\u00f1o ni\u00f1os y lactantes), botiqu\u00edn de primeros auxilios, m\u00e1scaras de R.C.P., y materiales descartables (guantes, vendas, gasas, etc.).<\/p>\n<h2>Contenidos<\/h2>\n<p><strong>BLOQUE RCP<\/strong><br \/>\n&#8211; Concepto y generalidades de la RCP.<br \/>\n&#8211; Las principales emergencias en los ni\u00f1os y en los lactantes: la importancia de la prevenci\u00f3n y el trauma.<br \/>\n&#8211; La cadena de supervivencia pedi\u00e1trica.<br \/>\n&#8211; Evaluaci\u00f3n de la seguridad del escenario.<br \/>\n&#8211; Activaci\u00f3n del Sistema de Emergencias M\u00e9dicas (S.E.M).<br \/>\n&#8211; El diagn\u00f3stico del paro cardiorrespiratorio.<br \/>\n&#8211; La RCP en ni\u00f1os y lactantes.<br \/>\n&#8211; T\u00e9cnica de compresiones tor\u00e1cicas.<br \/>\n&#8211; T\u00e9cnica de respiraciones artificiales.<br \/>\n&#8211; Uso del D.E.A. (Desfibrilador Externo Autom\u00e1tico).<br \/>\n&#8211; La t\u00e9cnica de la P.L.S. (Posici\u00f3n Lateral de Seguridad).<br \/>\n<strong><br \/>\nBLOQUE PRIMEROS AUXILIOS<\/strong><br \/>\n&#8211; Prevenci\u00f3n de accidentes en la escuela, el hogar y el autom\u00f3vil.<br \/>\n&#8211; Premisas generales de los primeros auxilios.<br \/>\n&#8211; La bioseguridad.<br \/>\n&#8211; Botiqu\u00edn.<br \/>\n&#8211; Traumatismos.<br \/>\n&#8211; Heridas y hemorragias (hemorragia nasal, hemorragia bucal).<br \/>\n&#8211; Amputaciones<br \/>\n&#8211; Asfixia por atragantamiento.<br \/>\n&#8211; Objetos extra\u00f1os.<br \/>\n&#8211; Convulsiones.<br \/>\n&#8211; Quemaduras.<br \/>\n&#8211; Intoxicaciones.[\/vc_column_text][\/vc_column][\/vc_row][vc_row][vc_column width=\u00bb1\/1&#8243;][vc_column_text]\n<h2>Requisitos institucionales<\/h2>\n<p>1- La instituci\u00f3n o empresa organizadora deber\u00e1 contar:<br \/>\na- Con el espacio, sillas y mesas suficientes (seg\u00fan la cantidad de personas interesadas en el curso) para desarrollar las actividades te\u00f3ricas pr\u00e1cticas.<br \/>\nb- HM Capacitaci\u00f3n se hace cargo de los instrumentos t\u00e9cnicos de audio y video, tales como un reproductor de DVD o una notebook, un ca\u00f1\u00f3n proyector multimedia y parlantes.<br \/>\n2- Los asistentes al curso deber\u00e1n contar con ropa c\u00f3moda para la mejor pr\u00e1ctica de las t\u00e9cnicas de RCP y Primeros Auxilios y material (cuaderno y lapicera) para apuntar en la capacitaci\u00f3n.<strong>\u00a0<\/strong><\/p>\n<h2>Otras caracter\u00edsticas<\/h2>\n<p>&#8211; El d\u00eda y lugar del curso se fijar\u00e1n en com\u00fan acuerdo con las autoridades de la empresa, instituci\u00f3n escolar, deportiva o social.<br \/>\n&#8211; Los alumnos recibir\u00e1n un CD con material de estudio de los temas del curso y un diploma de asistencia que deje constancia del mismo.[\/vc_column_text][\/vc_column][\/vc_row]\n","protected":false},"excerpt":{"rendered":"<p>[vc_row type=\u00bbin_container\u00bb bg_position=\u00bbleft top\u00bb bg_repeat=\u00bbrepeat\u00bb bg_color=\u00bb#dd3333&#8243; scene_position=\u00bbcenter\u00bb text_color=\u00bbdark\u00bb text_align=\u00bbleft\u00bb][vc_column width=\u00bb1\/1&#8243;][vc_column_text][\/vc_column_text][\/vc_column][\/vc_row][vc_row][vc_column width=\u00bb1\/2&#8243;][vc_column_text] Curso dirigido a: P\u00fablico en general; docentes, puericultoras, ni\u00f1eras, embarazadas, padres y a toda aquella persona que deseen aprender&#8230;<\/p>\n","protected":false},"author":1,"featured_media":0,"parent":0,"menu_order":0,"comment_status":"open","ping_status":"open","template":"","meta":{"footnotes":""},"jetpack_sharing_enabled":true,"_links":{"self":[{"href":"https:\/\/www.hmcapacitacion.com\/index.php?rest_route=\/wp\/v2\/pages\/2836"}],"collection":[{"href":"https:\/\/www.hmcapacitacion.com\/index.php?rest_route=\/wp\/v2\/pages"}],"about":[{"href":"https:\/\/www.hmcapacitacion.com\/index.php?rest_route=\/wp\/v2\/types\/page"}],"author":[{"embeddable":true,"href":"https:\/\/www.hmcapacitacion.com\/index.php?rest_route=\/wp\/v2\/users\/1"}],"replies":[{"embeddable":true,"href":"https:\/\/www.hmcapacitacion.com\/index.php?rest_route=%2Fwp%2Fv2%2Fcomments&post=2836"}],"version-history":[{"count":19,"href":"https:\/\/www.hmcapacitacion.com\/index.php?rest_route=\/wp\/v2\/pages\/2836\/revisions"}],"predecessor-version":[{"id":5255,"href":"https:\/\/www.hmcapacitacion.com\/index.php?rest_route=\/wp\/v2\/pages\/2836\/revisions\/5255"}],"wp:attachment":[{"href":"https:\/\/www.hmcapacitacion.com\/index.php?rest_route=%2Fwp%2Fv2%2Fmedia&parent=2836"}],"curies":[{"name":"wp","href":"https:\/\/api.w.org\/{rel}","templated":true}]}}