{"id":2842,"date":"2015-04-09T23:22:59","date_gmt":"2015-04-09T23:22:59","guid":{"rendered":"http:\/\/www.compuactive.net\/~adminhm\/?page_id=2842"},"modified":"2021-03-01T01:44:13","modified_gmt":"2021-03-01T01:44:13","slug":"primeros-auxilios-pediatricos","status":"publish","type":"page","link":"https:\/\/www.hmcapacitacion.com\/?page_id=2842","title":{"rendered":"Primeros Auxilios Pedi\u00e1tricos"},"content":{"rendered":"[vc_row type=\u00bbin_container\u00bb full_screen_row_position=\u00bbmiddle\u00bb column_margin=\u00bbdefault\u00bb bg_color=\u00bb#dd3333&#8243; scene_position=\u00bbcenter\u00bb text_color=\u00bbdark\u00bb text_align=\u00bbleft\u00bb overlay_strength=\u00bb0.3&#8243; shape_divider_position=\u00bbbottom\u00bb bg_image_animation=\u00bbnone\u00bb][vc_column column_padding=\u00bbno-extra-padding\u00bb column_padding_position=\u00bball\u00bb background_color_opacity=\u00bb1&#8243; background_hover_color_opacity=\u00bb1&#8243; column_link_target=\u00bb_self\u00bb column_shadow=\u00bbnone\u00bb column_border_radius=\u00bbnone\u00bb width=\u00bb1\/1&#8243; tablet_width_inherit=\u00bbdefault\u00bb tablet_text_alignment=\u00bbdefault\u00bb phone_text_alignment=\u00bbdefault\u00bb overlay_strength=\u00bb0.3&#8243; column_border_width=\u00bbnone\u00bb column_border_style=\u00bbsolid\u00bb bg_image_animation=\u00bbnone\u00bb][vc_column_text][\/vc_column_text][\/vc_column][\/vc_row][vc_row type=\u00bbin_container\u00bb full_screen_row_position=\u00bbmiddle\u00bb column_margin=\u00bbdefault\u00bb scene_position=\u00bbcenter\u00bb text_color=\u00bbdark\u00bb text_align=\u00bbleft\u00bb overlay_strength=\u00bb0.3&#8243; shape_divider_position=\u00bbbottom\u00bb bg_image_animation=\u00bbnone\u00bb][vc_column column_padding=\u00bbno-extra-padding\u00bb column_padding_position=\u00bball\u00bb background_color_opacity=\u00bb1&#8243; background_hover_color_opacity=\u00bb1&#8243; column_link_target=\u00bb_self\u00bb column_shadow=\u00bbnone\u00bb column_border_radius=\u00bbnone\u00bb width=\u00bb1\/2&#8243; tablet_width_inherit=\u00bbdefault\u00bb tablet_text_alignment=\u00bbdefault\u00bb phone_text_alignment=\u00bbdefault\u00bb overlay_strength=\u00bb0.3&#8243; column_border_width=\u00bbnone\u00bb column_border_style=\u00bbsolid\u00bb bg_image_animation=\u00bbnone\u00bb][vc_column_text]\n<h2>Curso dirigido a:<\/h2>\n<p>P\u00fablico en general; docentes, puericultoras, ni\u00f1eras, embarazadas, padres y a toda aquella persona que deseen aprender a Salvar Vidas. No hace falta poseer conocimientos previos.<\/p>\n<h2>Duraci\u00f3n<\/h2>\n<p>La capacitaci\u00f3n durar\u00e1 3 horas.<\/p>\n<h2>Metodolog\u00eda<\/h2>\n<p>&#8211; Disertaci\u00f3n del instructor.<br \/>\n&#8211; Exposici\u00f3n de un video instructivo y diapositivas.<br \/>\n&#8211; An\u00e1lisis de situaciones reales.<br \/>\n&#8211;<strong> Estaciones pr\u00e1cticas de trabajo:<\/strong><br \/>\nA &#8211; T\u00e9cnicas de manejo de la bioseguridad.<br \/>\nB &#8211; T\u00e9cnicas de desobstrucci\u00f3n de las v\u00edas a\u00e9reas en ni\u00f1os y lactantes.<br \/>\nC &#8211; Protocolo de evaluaci\u00f3n inicial en v\u00edctimas pedi\u00e1tricas.<br \/>\nD &#8211; T\u00e9cnicas de inmovilizaci\u00f3n\/ entablillado. Colocaci\u00f3n de f\u00e9rulas.[\/vc_column_text][\/vc_column][vc_column column_padding=\u00bbno-extra-padding\u00bb column_padding_position=\u00bball\u00bb background_color_opacity=\u00bb1&#8243; background_hover_color_opacity=\u00bb1&#8243; column_link_target=\u00bb_self\u00bb column_shadow=\u00bbnone\u00bb column_border_radius=\u00bbnone\u00bb width=\u00bb1\/2&#8243; tablet_width_inherit=\u00bbdefault\u00bb tablet_text_alignment=\u00bbdefault\u00bb phone_text_alignment=\u00bbdefault\u00bb overlay_strength=\u00bb0.3&#8243; column_border_width=\u00bbnone\u00bb column_border_style=\u00bbsolid\u00bb bg_image_animation=\u00bbnone\u00bb][vc_column_text]\n<h2>Materiales<\/h2>\n<p>&#8211; Maniqu\u00edes de R.C.P. uno cada 2\u00a0personas, (tama\u00f1o ni\u00f1os y lactantes), botiqu\u00edn de primeros auxilios, m\u00e1scaras de R.C.P. y materiales descartables (guantes, vendas, gasas, etc.).<\/p>\n<h2>Contenidos:<strong><br \/>\n<\/strong><\/h2>\n<p>&#8211; Prevenci\u00f3n de accidentes en la escuela, el hogar y el autom\u00f3vil.<br \/>\n&#8211; La bioseguridad.<br \/>\n&#8211; Premisas generales de los primeros auxilios.<br \/>\n&#8211; El botiqu\u00edn reglamentario.<br \/>\n&#8211; La evaluaci\u00f3n inicial en pediatr\u00eda.<br \/>\n&#8211; Traumatismos.<br \/>\n&#8211; Heridas, hemorragias, (hemorragia nasal, hemorragia bucal).<br \/>\n&#8211; Fracturas y luxaciones.<br \/>\n&#8211; Shock.<br \/>\n&#8211; Crisis asm\u00e1tica.<br \/>\n&#8211; Asfixia por atragantamiento.<br \/>\n&#8211; Convulsiones.<br \/>\n&#8211; Quemaduras.<br \/>\n&#8211; Intoxicaciones.<br \/>\n&#8211; Objetos\u00a0extra\u00f1os.[\/vc_column_text][\/vc_column][\/vc_row][vc_row type=\u00bbin_container\u00bb full_screen_row_position=\u00bbmiddle\u00bb column_margin=\u00bbdefault\u00bb scene_position=\u00bbcenter\u00bb text_color=\u00bbdark\u00bb text_align=\u00bbleft\u00bb overlay_strength=\u00bb0.3&#8243; shape_divider_position=\u00bbbottom\u00bb bg_image_animation=\u00bbnone\u00bb][vc_column column_padding=\u00bbno-extra-padding\u00bb column_padding_position=\u00bball\u00bb background_color_opacity=\u00bb1&#8243; background_hover_color_opacity=\u00bb1&#8243; column_link_target=\u00bb_self\u00bb column_shadow=\u00bbnone\u00bb column_border_radius=\u00bbnone\u00bb width=\u00bb1\/1&#8243; tablet_width_inherit=\u00bbdefault\u00bb tablet_text_alignment=\u00bbdefault\u00bb phone_text_alignment=\u00bbdefault\u00bb overlay_strength=\u00bb0.3&#8243; column_border_width=\u00bbnone\u00bb column_border_style=\u00bbsolid\u00bb bg_image_animation=\u00bbnone\u00bb][vc_column_text]\n<h2>Requisitos institucionales<\/h2>\n<p>1- La instituci\u00f3n o empresa organizadora deber\u00e1 contar:<br \/>\na- Con el espacio, sillas y mesas suficientes (seg\u00fan la cantidad de personas interesadas en el curso) para desarrollar las actividades te\u00f3ricas pr\u00e1cticas.<br \/>\nb- HM Capacitaci\u00f3n se hace cargo de los instrumentos t\u00e9cnicos de audio y video, tales como un reproductor de DVD o una notebook, un ca\u00f1\u00f3n proyector multimedia y parlantes.<br \/>\n2- Los asistentes al curso deber\u00e1n contar con ropa c\u00f3moda para la mejor pr\u00e1ctica de las t\u00e9cnicas de RCP y Primeros Auxilios y material (cuaderno y lapicera) para apuntar en la capacitaci\u00f3n.<\/p>\n<h2>Otras caracter\u00edsticas<\/h2>\n<p>&#8211; El d\u00eda y lugar del curso se fijar\u00e1n en com\u00fan acuerdo con las autoridades de la empresa, instituci\u00f3n escolar, deportiva o social.<br \/>\n&#8211; Los alumnos recibir\u00e1n un CD con material de estudio de los temas del curso y un diploma de asistencia que deje constancia del mismo.<\/p>\n<p><strong><em>\u00a0<\/em><\/strong>[\/vc_column_text][\/vc_column][\/vc_row]\n","protected":false},"excerpt":{"rendered":"<p>[vc_row type=\u00bbin_container\u00bb full_screen_row_position=\u00bbmiddle\u00bb column_margin=\u00bbdefault\u00bb bg_color=\u00bb#dd3333&#8243; scene_position=\u00bbcenter\u00bb text_color=\u00bbdark\u00bb text_align=\u00bbleft\u00bb overlay_strength=\u00bb0.3&#8243; shape_divider_position=\u00bbbottom\u00bb bg_image_animation=\u00bbnone\u00bb][vc_column column_padding=\u00bbno-extra-padding\u00bb column_padding_position=\u00bball\u00bb background_color_opacity=\u00bb1&#8243; background_hover_color_opacity=\u00bb1&#8243; column_link_target=\u00bb_self\u00bb column_shadow=\u00bbnone\u00bb column_border_radius=\u00bbnone\u00bb width=\u00bb1\/1&#8243; tablet_width_inherit=\u00bbdefault\u00bb tablet_text_alignment=\u00bbdefault\u00bb phone_text_alignment=\u00bbdefault\u00bb overlay_strength=\u00bb0.3&#8243; column_border_width=\u00bbnone\u00bb column_border_style=\u00bbsolid\u00bb bg_image_animation=\u00bbnone\u00bb][vc_column_text][\/vc_column_text][\/vc_column][\/vc_row][vc_row type=\u00bbin_container\u00bb full_screen_row_position=\u00bbmiddle\u00bb column_margin=\u00bbdefault\u00bb scene_position=\u00bbcenter\u00bb&#8230;<\/p>\n","protected":false},"author":1,"featured_media":0,"parent":0,"menu_order":0,"comment_status":"open","ping_status":"open","template":"","meta":{"footnotes":""},"jetpack_sharing_enabled":true,"_links":{"self":[{"href":"https:\/\/www.hmcapacitacion.com\/index.php?rest_route=\/wp\/v2\/pages\/2842"}],"collection":[{"href":"https:\/\/www.hmcapacitacion.com\/index.php?rest_route=\/wp\/v2\/pages"}],"about":[{"href":"https:\/\/www.hmcapacitacion.com\/index.php?rest_route=\/wp\/v2\/types\/page"}],"author":[{"embeddable":true,"href":"https:\/\/www.hmcapacitacion.com\/index.php?rest_route=\/wp\/v2\/users\/1"}],"replies":[{"embeddable":true,"href":"https:\/\/www.hmcapacitacion.com\/index.php?rest_route=%2Fwp%2Fv2%2Fcomments&post=2842"}],"version-history":[{"count":19,"href":"https:\/\/www.hmcapacitacion.com\/index.php?rest_route=\/wp\/v2\/pages\/2842\/revisions"}],"predecessor-version":[{"id":5244,"href":"https:\/\/www.hmcapacitacion.com\/index.php?rest_route=\/wp\/v2\/pages\/2842\/revisions\/5244"}],"wp:attachment":[{"href":"https:\/\/www.hmcapacitacion.com\/index.php?rest_route=%2Fwp%2Fv2%2Fmedia&parent=2842"}],"curies":[{"name":"wp","href":"https:\/\/api.w.org\/{rel}","templated":true}]}}