{"id":2844,"date":"2015-04-09T23:23:19","date_gmt":"2015-04-09T23:23:19","guid":{"rendered":"http:\/\/www.compuactive.net\/~adminhm\/?page_id=2844"},"modified":"2016-08-13T12:51:46","modified_gmt":"2016-08-13T12:51:46","slug":"primeros-auxilios-generales","status":"publish","type":"page","link":"https:\/\/www.hmcapacitacion.com\/?page_id=2844","title":{"rendered":"Primeros Auxilios Generales"},"content":{"rendered":"[vc_row type=\u00bbin_container\u00bb bg_position=\u00bbleft top\u00bb bg_repeat=\u00bbrepeat\u00bb bg_color=\u00bb#dd3333&#8243; scene_position=\u00bbcenter\u00bb text_color=\u00bbdark\u00bb text_align=\u00bbleft\u00bb][vc_column width=\u00bb1\/1&#8243;][vc_column_text][\/vc_column_text][\/vc_column][\/vc_row][vc_row][vc_column width=\u00bb1\/2&#8243;][vc_column_text]\n<h2>Curso te\u00f3rico &#8211; pr\u00e1ctico dirigido a:<\/h2>\n<p>P\u00fablico en general; adultos, adolescentes y a toda aquella persona que desee \u201caprender a Salvar Vidas\u201d. No hace falta poseer conocimientos previos.<\/p>\n<h2>Duraci\u00f3n<\/h2>\n<p>La capacitaci\u00f3n durar\u00e1 10 horas (distribuidas en dos jornadas de cinco horas).<\/p>\n<h2>Metodolog\u00eda<\/h2>\n<p>&#8211; Disertaci\u00f3n del instructor.<br \/>\n&#8211; Exposici\u00f3n de video y diapositivas instructivas.<br \/>\n&#8211; An\u00e1lisis de situaciones reales.<br \/>\n&#8211; <strong>Estaciones pr\u00e1cticas de trabajo:<\/strong><br \/>\nA &#8211; T\u00e9cnicas de manejo de la bioseguridad.<br \/>\nB &#8211; T\u00e9cnicas de desobstrucci\u00f3n de las v\u00edas a\u00e9reas en adultos, ni\u00f1os y lactantes.<br \/>\nC &#8211; T\u00e9cnicas de control de los signos vitales.<br \/>\nD &#8211; T\u00e9cnicas de colocaci\u00f3n de vendajes.<br \/>\nE &#8211; T\u00e9cnicas de inmovilizaci\u00f3n\/ entablillado. Colocaci\u00f3n de f\u00e9rulas.<br \/>\nF &#8211; T\u00e9cnica de la P.L.S..<br \/>\nG &#8211; Protocolo de evaluaci\u00f3n inicial en adultos, ni\u00f1os y lactantes. [\/vc_column_text][\/vc_column][vc_column width=\u00bb1\/2&#8243;][vc_column_text]\n<h2>Materiales<\/h2>\n<p>&#8211; Maniqu\u00edes de R.C.P., uno cada 3\u00a0personas (tama\u00f1o adultos, ni\u00f1os y lactantes), botiqu\u00edn de primeros auxilios, tensi\u00f3metros, term\u00f3metros, collares cervicales, f\u00e9rulas blandas y r\u00edgidas y materiales descartables (guantes, gasas, vendas, etc.).<\/p>\n<h2>Contenidos:<\/h2>\n<p>&#8211; Aspectos b\u00e1sicos de los primeros auxilios.<br \/>\n&#8211; Funci\u00f3n y responsabilidad del socorrista.<br \/>\n&#8211; La bioseguridad.<br \/>\n&#8211; Seguridad, situaci\u00f3n y escena.<br \/>\n&#8211; Botiqu\u00edn.<br \/>\n&#8211; Crisis asm\u00e1tica.<br \/>\n&#8211; Asfixia por atragantamiento.<br \/>\n&#8211; Ataque card\u00edaco.<br \/>\n&#8211; Desmayo.<br \/>\n&#8211; Crisis diab\u00e9tica.<br \/>\n&#8211; Ataque cerebral.<br \/>\n&#8211; Convulsiones.<br \/>\n&#8211; Shock.<br \/>\n&#8211; Heridas.<br \/>\n&#8211; Hemorragias externas.<br \/>\n&#8211; Amputaciones.<br \/>\n&#8211; Vendajes.<br \/>\n&#8211; Lesiones por objetos punzantes.<br \/>\n&#8211; Heridas por armas de fuego y armas blancas.<br \/>\n&#8211; Lesiones en la cabeza y en la columna vertebral.<br \/>\n&#8211; Fracturas, luxaciones y esguinces. Inmovilizaci\u00f3n.<br \/>\n&#8211; Quemaduras.<br \/>\n&#8211; Insolaci\u00f3n.<br \/>\n&#8211; Electrocuci\u00f3n.<br \/>\n&#8211; Congelaci\u00f3n.<br \/>\n&#8211; Hipotermia.<br \/>\n&#8211; Intoxicaciones.<br \/>\n&#8211; Signos vitales.<br \/>\n&#8211; Picaduras y mordeduras.[\/vc_column_text][\/vc_column][\/vc_row][vc_row][vc_column width=\u00bb1\/1&#8243;][vc_column_text]\n<h2>Requisitos institucionales<\/h2>\n<p>1- La instituci\u00f3n o empresa organizadora deber\u00e1 contar:<br \/>\na- Con el espacio, sillas y mesas suficientes (seg\u00fan la cantidad de personas interesadas en el curso) para desarrollar las actividades te\u00f3ricas pr\u00e1cticas.<br \/>\nb- HM Capacitaci\u00f3n se hace cargo de los instrumentos t\u00e9cnicos de audio y video, tales como un reproductor de DVD o una notebook, un ca\u00f1\u00f3n proyector multimedia y parlantes.<br \/>\n2- Los asistentes al curso deber\u00e1n contar con ropa c\u00f3moda para la mejor pr\u00e1ctica de las t\u00e9cnicas de Primeros Auxilios y material (cuaderno y lapicera) para apuntar en la capacitaci\u00f3n.<\/p>\n<h2>Otras caracter\u00edsticas<\/h2>\n<p>&#8211; El d\u00eda y lugar del curso se fijar\u00e1n en com\u00fan acuerdo con las autoridades de la empresa, instituci\u00f3n escolar, deportiva o social.<br \/>\n&#8211; Los alumnos recibir\u00e1n un CD con material de estudio de los temas del curso y un diploma de asistencia que deje constancia del mismo.[\/vc_column_text][\/vc_column][\/vc_row]\n","protected":false},"excerpt":{"rendered":"<p>[vc_row type=\u00bbin_container\u00bb bg_position=\u00bbleft top\u00bb bg_repeat=\u00bbrepeat\u00bb bg_color=\u00bb#dd3333&#8243; scene_position=\u00bbcenter\u00bb text_color=\u00bbdark\u00bb text_align=\u00bbleft\u00bb][vc_column width=\u00bb1\/1&#8243;][vc_column_text][\/vc_column_text][\/vc_column][\/vc_row][vc_row][vc_column width=\u00bb1\/2&#8243;][vc_column_text] Curso te\u00f3rico &#8211; pr\u00e1ctico dirigido a: P\u00fablico en general; adultos, adolescentes y a toda aquella persona que desee \u201caprender&#8230;<\/p>\n","protected":false},"author":1,"featured_media":0,"parent":0,"menu_order":0,"comment_status":"open","ping_status":"open","template":"","meta":{"footnotes":""},"jetpack_sharing_enabled":true,"_links":{"self":[{"href":"https:\/\/www.hmcapacitacion.com\/index.php?rest_route=\/wp\/v2\/pages\/2844"}],"collection":[{"href":"https:\/\/www.hmcapacitacion.com\/index.php?rest_route=\/wp\/v2\/pages"}],"about":[{"href":"https:\/\/www.hmcapacitacion.com\/index.php?rest_route=\/wp\/v2\/types\/page"}],"author":[{"embeddable":true,"href":"https:\/\/www.hmcapacitacion.com\/index.php?rest_route=\/wp\/v2\/users\/1"}],"replies":[{"embeddable":true,"href":"https:\/\/www.hmcapacitacion.com\/index.php?rest_route=%2Fwp%2Fv2%2Fcomments&post=2844"}],"version-history":[{"count":27,"href":"https:\/\/www.hmcapacitacion.com\/index.php?rest_route=\/wp\/v2\/pages\/2844\/revisions"}],"predecessor-version":[{"id":4574,"href":"https:\/\/www.hmcapacitacion.com\/index.php?rest_route=\/wp\/v2\/pages\/2844\/revisions\/4574"}],"wp:attachment":[{"href":"https:\/\/www.hmcapacitacion.com\/index.php?rest_route=%2Fwp%2Fv2%2Fmedia&parent=2844"}],"curies":[{"name":"wp","href":"https:\/\/api.w.org\/{rel}","templated":true}]}}