{"id":2869,"date":"2015-04-10T01:24:23","date_gmt":"2015-04-10T01:24:23","guid":{"rendered":"http:\/\/www.compuactive.net\/~adminhm\/?page_id=2869"},"modified":"2021-01-23T01:00:04","modified_gmt":"2021-01-23T01:00:04","slug":"asistencia-basica-en-trauma","status":"publish","type":"page","link":"https:\/\/www.hmcapacitacion.com\/?page_id=2869","title":{"rendered":"Asistencia B\u00e1sica en Trauma"},"content":{"rendered":"[vc_row type=\u00bbin_container\u00bb bg_position=\u00bbleft top\u00bb bg_repeat=\u00bbrepeat\u00bb bg_color=\u00bb#dd3333&#8243; scene_position=\u00bbcenter\u00bb text_color=\u00bbdark\u00bb text_align=\u00bbleft\u00bb][vc_column width=\u00bb1\/1&#8243;][vc_column_text][\/vc_column_text][\/vc_column][\/vc_row][vc_row][vc_column width=\u00bb1\/2&#8243;][vc_column_text]\n<h2>Curso dirigido a:<\/h2>\n<p>P\u00fablico en general con nociones de primeros auxilios; personal que se desempe\u00f1e en el \u00e1mbito de la salud, bomberos, rescatistas, guardavidas, estudiantes de carreras de \u00e1mbito de la salud, t\u00e9cnicos, choferes de ambulancias, m\u00e9dicos, enfermeros y toda aquella persona que desee \u201caprender a Salvar Vidas\u201d.<\/p>\n<h2>Duraci\u00f3n<\/h2>\n<p>La capacitaci\u00f3n durar\u00e1 12 horas (dividida en dos jornadas de seis horas).<\/p>\n<h2>Metodolog\u00eda<\/h2>\n<p>&#8211; Exposici\u00f3n del instructor.<br \/>\n&#8211; Exposici\u00f3n de diapositivas y v\u00eddeos instructivos.<br \/>\n&#8211; An\u00e1lisis de situaciones reales.<br \/>\n&#8211; <strong>Estaciones pr\u00e1cticas de trabajo<\/strong>:<br \/>\nA\u00a0&#8211; Evaluaci\u00f3n inicial de la v\u00edctima politraumatizada.<br \/>\nB &#8211; Maniobras de atenci\u00f3n de hemorragias.<br \/>\nC &#8211; Manejo b\u00e1sico de la v\u00eda a\u00e9rea.<br \/>\nD &#8211; Restricci\u00f3n del Movimiento Espinal\/ transporte de v\u00edctimas con trauma en columna vertebral.<br \/>\nE &#8211; T\u00e9cnica de extracci\u00f3n de cascos.<br \/>\nF &#8211; T\u00e9cnicas de inmovilizaci\u00f3n de fracturas con f\u00e9rulas r\u00edgidas y blandas.<\/p>\n[\/vc_column_text][\/vc_column][vc_column width=\u00bb1\/2&#8243;][vc_column_text]\n<h2>Materiales<\/h2>\n<p>&#8211; Camilla cuchara, tablas espinales largas, collares cervicales, bolso de trauma, cabeza de manejo de v\u00eda a\u00e9rea, ox\u00edmetros, f\u00e9rulas r\u00edgidas y blandas, torniquetes, vendas triangulares y materiales descartables (guantes, gasas, vendas, etc.).<\/p>\n<h2>Contenidos<\/h2>\n<p>&#8211; Definici\u00f3n y generalidades del trauma.<br \/>\n&#8211; Medidas de bioseguridad (guantes descartables, antiparras, etc).<br \/>\n\u2013 Shock (Shock hipovol\u00e9mico).<br \/>\n\u2013 Evaluaci\u00f3n y manejo de la escena y de la v\u00edctima politraumatizada.<br \/>\n\u2013 El XABCDE en el trauma.<br \/>\n\u2013 Trauma de cr\u00e1neo.<br \/>\n\u2013 Trauma en columna vertebral.<br \/>\n&#8211; Trauma en extremidades. Fracturas y luxaciones.<br \/>\n\u2013 Heridas y hemorragias.<br \/>\n\u2013\u00a0Trauma de t\u00f3rax.<br \/>\n&#8211;\u00a0Trauma de abdomen.<br \/>\n&#8211; Trauma p\u00e9lvico.<br \/>\n\u2013 Restricci\u00f3n del movimiento espinal.<br \/>\n&#8211; Transporte de v\u00edctimas con trauma en columna vertebral.[\/vc_column_text][\/vc_column][\/vc_row][vc_row][vc_column width=\u00bb1\/1&#8243;][vc_column_text]\n<h2>Requisitos institucionales<\/h2>\n<p>1- La instituci\u00f3n o empresa organizadora deber\u00e1 contar:<br \/>\na- Con el espacio, sillas y mesas suficientes (seg\u00fan la cantidad de personas interesadas en el curso) para desarrollar las actividades te\u00f3ricas pr\u00e1cticas.<br \/>\nb- HM Capacitaci\u00f3n se hace cargo de los instrumentos t\u00e9cnicos de audio y video, tales como un reproductor de DVD o una notebook, un ca\u00f1\u00f3n proyector multimedia y parlantes.<br \/>\n2- Los asistentes al curso deber\u00e1n contar con ropa c\u00f3moda para la mejor pr\u00e1ctica de las t\u00e9cnicas de Trauma y material (cuaderno y lapicera) para apuntar en la capacitaci\u00f3n.<\/p>\n<h2>Otras caracter\u00edsticas<\/h2>\n<p>&#8211; El d\u00eda y lugar del curso se fijar\u00e1 en com\u00fan acuerdo con las autoridades de la empresa, instituci\u00f3n escolar, deportiva o social.<br \/>\n&#8211; Los alumnos recibir\u00e1n un CD con material de estudio de los temas del curso y un diploma de asistencia que deje constancia del mismo.[\/vc_column_text][\/vc_column][\/vc_row]\n","protected":false},"excerpt":{"rendered":"<p>[vc_row type=\u00bbin_container\u00bb bg_position=\u00bbleft top\u00bb bg_repeat=\u00bbrepeat\u00bb bg_color=\u00bb#dd3333&#8243; scene_position=\u00bbcenter\u00bb text_color=\u00bbdark\u00bb text_align=\u00bbleft\u00bb][vc_column width=\u00bb1\/1&#8243;][vc_column_text][\/vc_column_text][\/vc_column][\/vc_row][vc_row][vc_column width=\u00bb1\/2&#8243;][vc_column_text] Curso dirigido a: P\u00fablico en general con nociones de primeros auxilios; personal que se desempe\u00f1e en el \u00e1mbito de&#8230;<\/p>\n","protected":false},"author":1,"featured_media":0,"parent":0,"menu_order":0,"comment_status":"open","ping_status":"open","template":"","meta":{"footnotes":""},"jetpack_sharing_enabled":true,"_links":{"self":[{"href":"https:\/\/www.hmcapacitacion.com\/index.php?rest_route=\/wp\/v2\/pages\/2869"}],"collection":[{"href":"https:\/\/www.hmcapacitacion.com\/index.php?rest_route=\/wp\/v2\/pages"}],"about":[{"href":"https:\/\/www.hmcapacitacion.com\/index.php?rest_route=\/wp\/v2\/types\/page"}],"author":[{"embeddable":true,"href":"https:\/\/www.hmcapacitacion.com\/index.php?rest_route=\/wp\/v2\/users\/1"}],"replies":[{"embeddable":true,"href":"https:\/\/www.hmcapacitacion.com\/index.php?rest_route=%2Fwp%2Fv2%2Fcomments&post=2869"}],"version-history":[{"count":63,"href":"https:\/\/www.hmcapacitacion.com\/index.php?rest_route=\/wp\/v2\/pages\/2869\/revisions"}],"predecessor-version":[{"id":5230,"href":"https:\/\/www.hmcapacitacion.com\/index.php?rest_route=\/wp\/v2\/pages\/2869\/revisions\/5230"}],"wp:attachment":[{"href":"https:\/\/www.hmcapacitacion.com\/index.php?rest_route=%2Fwp%2Fv2%2Fmedia&parent=2869"}],"curies":[{"name":"wp","href":"https:\/\/api.w.org\/{rel}","templated":true}]}}