{"id":2969,"date":"2015-04-12T22:07:20","date_gmt":"2015-04-12T22:07:20","guid":{"rendered":"http:\/\/www.compuactive.net\/~adminhm\/?page_id=2969"},"modified":"2021-01-12T19:59:40","modified_gmt":"2021-01-12T19:59:40","slug":"extincion-de-incendios-y-evacuacion","status":"publish","type":"page","link":"https:\/\/www.hmcapacitacion.com\/?page_id=2969","title":{"rendered":"Extinci\u00f3n de Incendios y Evacuaci\u00f3n"},"content":{"rendered":"[vc_row type=\u00bbin_container\u00bb bg_position=\u00bbleft top\u00bb bg_repeat=\u00bbrepeat\u00bb bg_color=\u00bb#dd3333&#8243; scene_position=\u00bbcenter\u00bb text_color=\u00bbdark\u00bb text_align=\u00bbleft\u00bb][vc_column width=\u00bb1\/1&#8243;][vc_column_text][\/vc_column_text][\/vc_column][\/vc_row][vc_row][vc_column width=\u00bb1\/2&#8243;][vc_column_text]\n<h2>Curso dirigido a:<\/h2>\n<p>Personas sin conocimientos previos en el uso de extintores y de evacuaci\u00f3n, personal de empresas, t\u00e9cnicos en higiene y seguridad, brigadistas, polic\u00edas, personal de seguridad, docentes y toda aquella persona que desee \u201caprender a Salvar Vidas\u201d.<\/p>\n<h2>Duraci\u00f3n<\/h2>\n<p>La capacitaci\u00f3n durar\u00e1 4 horas.<\/p>\n<h2>Metodolog\u00eda<\/h2>\n<p>&#8211; Exposici\u00f3n del instructor.<br \/>\n&#8211; Exposici\u00f3n de diapositivas y videos instructivos.<br \/>\n&#8211; An\u00e1lisis de situaciones reales.<br \/>\n&#8211; <strong>Estaciones pr\u00e1cticas de trabajo<\/strong>:<br \/>\nA- Manejo de Extintores.<br \/>\nB- T\u00e9cnicas de transporte de v\u00edctimas conscientes e inconscientes.[\/vc_column_text][\/vc_column][vc_column width=\u00bb1\/2&#8243;][vc_column_text]\n<h2>Materiales<\/h2>\n<p>&#8211; Extintores, bombas esparcidoras de agua, detectores de humo y equipos de protecci\u00f3n personal contra el fuego.<\/p>\n<h2>Contenidos:<\/h2>\n<p>&#8211; El fuego.<br \/>\n&#8211; Introducci\u00f3n a la prevenci\u00f3n de incendios.<br \/>\n&#8211; Clases de fuego.<br \/>\n&#8211; Cuadro de agentes extintores.<br \/>\n&#8211; Tipos de extintores.<br \/>\n&#8211; Uso de extintores.<br \/>\n&#8211; Reglas de ataque con extintores.<br \/>\n&#8211; Introducci\u00f3n a la evacuaci\u00f3n.<br \/>\n&#8211; Legislaci\u00f3n sobre evacuaci\u00f3n.<br \/>\n&#8211; T\u00e9cnicas de evacuaci\u00f3n.<br \/>\n&#8211; Formas de transporte de victimas concientes e inconcientes.<br \/>\n&#8211; El plan de evacuaci\u00f3n. Roles.<\/p>\n[\/vc_column_text][\/vc_column][\/vc_row][vc_row][vc_column width=\u00bb1\/1&#8243;][vc_column_text]\n<h2>Requisitos institucionales<\/h2>\n<p>1- La instituci\u00f3n o empresa organizadora deber\u00e1 contar:<br \/>\na- Con el espacio, sillas y mesas suficientes (seg\u00fan la cantidad de personas interesadas en el curso) para desarrollar las actividades te\u00f3ricas pr\u00e1cticas.<br \/>\nb- HM Capacitaci\u00f3n se hace cargo de los instrumentos t\u00e9cnicos de audio y video, tales como un reproductor de DVD o una notebook, un ca\u00f1\u00f3n proyector multimedia y parlantes.<br \/>\n2- Los asistentes al curso deber\u00e1n contar con ropa c\u00f3moda para la mejor pr\u00e1ctica de las t\u00e9cnicas de Uso de Extintores y material (cuaderno y lapicera) para apuntar en la capacitaci\u00f3n.<\/p>\n<h2>Otras caracter\u00edsticas<\/h2>\n<p>&#8211; El d\u00eda y lugar del curso se fijar\u00e1 en com\u00fan acuerdo con las autoridades de la empresa, instituci\u00f3n escolar, deportiva o social.<br \/>\n&#8211; Los alumnos recibir\u00e1n un CD con material de estudio de los temas del curso y un diploma de asistencia que deje constancia del mismo.[\/vc_column_text][\/vc_column][\/vc_row]\n","protected":false},"excerpt":{"rendered":"<p>[vc_row type=\u00bbin_container\u00bb bg_position=\u00bbleft top\u00bb bg_repeat=\u00bbrepeat\u00bb bg_color=\u00bb#dd3333&#8243; scene_position=\u00bbcenter\u00bb text_color=\u00bbdark\u00bb text_align=\u00bbleft\u00bb][vc_column width=\u00bb1\/1&#8243;][vc_column_text][\/vc_column_text][\/vc_column][\/vc_row][vc_row][vc_column width=\u00bb1\/2&#8243;][vc_column_text] Curso dirigido a: Personas sin conocimientos previos en el uso de extintores y de evacuaci\u00f3n, personal de empresas, t\u00e9cnicos&#8230;<\/p>\n","protected":false},"author":1,"featured_media":0,"parent":0,"menu_order":0,"comment_status":"open","ping_status":"open","template":"","meta":{"footnotes":""},"jetpack_sharing_enabled":true,"_links":{"self":[{"href":"https:\/\/www.hmcapacitacion.com\/index.php?rest_route=\/wp\/v2\/pages\/2969"}],"collection":[{"href":"https:\/\/www.hmcapacitacion.com\/index.php?rest_route=\/wp\/v2\/pages"}],"about":[{"href":"https:\/\/www.hmcapacitacion.com\/index.php?rest_route=\/wp\/v2\/types\/page"}],"author":[{"embeddable":true,"href":"https:\/\/www.hmcapacitacion.com\/index.php?rest_route=\/wp\/v2\/users\/1"}],"replies":[{"embeddable":true,"href":"https:\/\/www.hmcapacitacion.com\/index.php?rest_route=%2Fwp%2Fv2%2Fcomments&post=2969"}],"version-history":[{"count":22,"href":"https:\/\/www.hmcapacitacion.com\/index.php?rest_route=\/wp\/v2\/pages\/2969\/revisions"}],"predecessor-version":[{"id":5200,"href":"https:\/\/www.hmcapacitacion.com\/index.php?rest_route=\/wp\/v2\/pages\/2969\/revisions\/5200"}],"wp:attachment":[{"href":"https:\/\/www.hmcapacitacion.com\/index.php?rest_route=%2Fwp%2Fv2%2Fmedia&parent=2969"}],"curies":[{"name":"wp","href":"https:\/\/api.w.org\/{rel}","templated":true}]}}