{"id":2975,"date":"2015-04-12T22:24:03","date_gmt":"2015-04-12T22:24:03","guid":{"rendered":"http:\/\/www.compuactive.net\/~adminhm\/?page_id=2975"},"modified":"2021-01-12T20:01:10","modified_gmt":"2021-01-12T20:01:10","slug":"formacion-de-brigadas","status":"publish","type":"page","link":"https:\/\/www.hmcapacitacion.com\/?page_id=2975","title":{"rendered":"Formaci\u00f3n de Brigadas"},"content":{"rendered":"[vc_row type=\u00bbin_container\u00bb bg_position=\u00bbleft top\u00bb bg_repeat=\u00bbrepeat\u00bb bg_color=\u00bb#dd3333&#8243; scene_position=\u00bbcenter\u00bb text_color=\u00bbdark\u00bb text_align=\u00bbleft\u00bb][vc_column width=\u00bb1\/1&#8243;][vc_column_text][\/vc_column_text][\/vc_column][\/vc_row][vc_row][vc_column width=\u00bb1\/2&#8243;][vc_column_text]\n<h2><strong>Curso<\/strong> <strong>dirigido a:<\/strong><\/h2>\n<p>Personal de empresas, plantas, clubes, fuerzas de seguridad, guardias o cualquier grupo de personas que quieran convertirse en una Brigada. El objetivo es especializarlos y prepararlos para resolver las distintas situaciones de emergencias que se puedan presentar, tanto m\u00e9dicas, como traumatol\u00f3gicas, de incendios y evacuaci\u00f3n y de rescate con cuerdas.<\/p>\n<h2>Duraci\u00f3n<\/h2>\n<p>La capacitaci\u00f3n durar\u00e1 32 horas, (se dividir\u00e1 en ocho jornadas de cuatros horas cada una).<\/p>\n<h2>Materiales<\/h2>\n<p>&#8211; Maniqu\u00edes de R.C.P. (tama\u00f1o adultos), m\u00e1scaras de RCP, simuladores de DEA, botiqu\u00edn de primeros auxilios, tensi\u00f3metros, tablas espinales largas, chalecos de estricaci\u00f3n, bolso de trauma, collares cervicales, f\u00e9rulas de inmovilizaci\u00f3n y materiales descartables (guantes, gasas, vendas, etc.), extintores, bombas esparcidoras de agua, materiales de rescate con cuerdas (cuerdas, cordines, cintas, ochos, mosquetones, poleas, ascensores, descensores, arneses, cascos, etc) y otros.[\/vc_column_text][\/vc_column][vc_column width=\u00bb1\/2&#8243;][vc_column_text]\n<h2>Metodolog\u00eda<\/h2>\n<p>&#8211; Disertaci\u00f3n del instructor.<br \/>\n&#8211; Exposici\u00f3n de videos y diapositivas instructivas.<br \/>\n&#8211; An\u00e1lisis de situaciones reales.<br \/>\n&#8211; <strong>Se desarrollar\u00e1n 8 jornadas te\u00f3ricas pr\u00e1cticas de trabajo:<\/strong><br \/>\n<strong>1\u00ba jornada:<\/strong> Organizaci\u00f3n e implementaci\u00f3n de una Brigada.<br \/>\n<strong>2\u00ba jornada:<\/strong> RCP\u00a0B\u00e1sica\u00a0en adultos y manejo del DEA (Desfibrilador Externo Autom\u00e1tico).<br \/>\n<strong>3\u00ba jornada<\/strong>: Primeros Auxilios\u00a0B\u00e1sicos.<br \/>\n<strong>4\u00ba jornada:<\/strong> Asistencia prehospitalaria en trauma.<br \/>\n<strong>5\u00ba jornada:<\/strong> T\u00e9cnicas\u00a0de\u00a0extinci\u00f3n\u00a0de incendios y normas generales de evacuaci\u00f3n.<br \/>\n<strong>6\u00ba jornada:<\/strong> Uso de equipos E.R.A. e\u00a0introducci\u00f3n\u00a0al manejo de materiales peligrosos.<br \/>\n<strong>7\u00ba jornada:<\/strong> Rescate b\u00e1sico con cuerdas (m\u00f3dulo 1).<br \/>\n<strong>8\u00ba jornada:<\/strong> Rescate b\u00e1sico con cuerdas (m\u00f3dulo 2).[\/vc_column_text][\/vc_column][\/vc_row][vc_row][vc_column width=\u00bb1\/1&#8243;][vc_column_text]\n<h2>Requisitos institucionales<\/h2>\n<p>1- a- La instituci\u00f3n organizadora deber\u00e1 contar con el espacio abierto y cerrado suficiente y otros recursos (sillas, mesas) seg\u00fan la cantidad de personas interesadas en realizar el curso,<br \/>\npara poder desarrollar las actividades te\u00f3ricas \u2013 pr\u00e1cticas de las 8 jornadas.<br \/>\nb- HM Capacitaci\u00f3n se hace cargo de los instrumentos t\u00e9cnicos de audio y video, tales como un reproductor de DVD o una notebook, un ca\u00f1\u00f3n proyector multimedia y parlantes.<br \/>\n2- Los asistentes al curso deber\u00e1n contar con ropa c\u00f3moda para la mejor pr\u00e1ctica de las t\u00e9cnicas del curso y material (cuaderno y lapicera) para apuntar en la capacitaci\u00f3n.<\/p>\n<h2>Otras caracter\u00edsticas&#8230;<\/h2>\n<p>&#8211; Los d\u00edas del curso se fijar\u00e1n en com\u00fan acuerdo con las autoridades de la empresa, planta, instituci\u00f3n deportiva o social.<br \/>\n&#8211; Los alumnos recibir\u00e1n un CD y gu\u00eda\u00a0con material de estudio de los temas del curso y un diploma de asistencia que deje constancia del mismo.<br \/>\n&#8211; Opcionalmente se tomar\u00e1 una evaluaci\u00f3n de repaso al finalizar cada jornada.<\/p>\n[\/vc_column_text][\/vc_column][\/vc_row]\n","protected":false},"excerpt":{"rendered":"<p>[vc_row type=\u00bbin_container\u00bb bg_position=\u00bbleft top\u00bb bg_repeat=\u00bbrepeat\u00bb bg_color=\u00bb#dd3333&#8243; scene_position=\u00bbcenter\u00bb text_color=\u00bbdark\u00bb text_align=\u00bbleft\u00bb][vc_column width=\u00bb1\/1&#8243;][vc_column_text][\/vc_column_text][\/vc_column][\/vc_row][vc_row][vc_column width=\u00bb1\/2&#8243;][vc_column_text] Curso dirigido a: Personal de empresas, plantas, clubes, fuerzas de seguridad, guardias o cualquier grupo de personas que quieran&#8230;<\/p>\n","protected":false},"author":1,"featured_media":0,"parent":0,"menu_order":0,"comment_status":"open","ping_status":"open","template":"","meta":{"footnotes":""},"jetpack_sharing_enabled":true,"_links":{"self":[{"href":"https:\/\/www.hmcapacitacion.com\/index.php?rest_route=\/wp\/v2\/pages\/2975"}],"collection":[{"href":"https:\/\/www.hmcapacitacion.com\/index.php?rest_route=\/wp\/v2\/pages"}],"about":[{"href":"https:\/\/www.hmcapacitacion.com\/index.php?rest_route=\/wp\/v2\/types\/page"}],"author":[{"embeddable":true,"href":"https:\/\/www.hmcapacitacion.com\/index.php?rest_route=\/wp\/v2\/users\/1"}],"replies":[{"embeddable":true,"href":"https:\/\/www.hmcapacitacion.com\/index.php?rest_route=%2Fwp%2Fv2%2Fcomments&post=2975"}],"version-history":[{"count":30,"href":"https:\/\/www.hmcapacitacion.com\/index.php?rest_route=\/wp\/v2\/pages\/2975\/revisions"}],"predecessor-version":[{"id":5201,"href":"https:\/\/www.hmcapacitacion.com\/index.php?rest_route=\/wp\/v2\/pages\/2975\/revisions\/5201"}],"wp:attachment":[{"href":"https:\/\/www.hmcapacitacion.com\/index.php?rest_route=%2Fwp%2Fv2%2Fmedia&parent=2975"}],"curies":[{"name":"wp","href":"https:\/\/api.w.org\/{rel}","templated":true}]}}