{"id":9,"date":"2013-03-23T05:01:12","date_gmt":"2013-03-23T05:01:12","guid":{"rendered":"http:\/\/themenectar.com\/demo\/salient\/?page_id=6"},"modified":"2019-06-17T20:36:04","modified_gmt":"2019-06-17T20:36:04","slug":"blog","status":"publish","type":"page","link":"https:\/\/www.hmcapacitacion.com\/?page_id=9","title":{"rendered":"Rescate en Espacios Confinados"},"content":{"rendered":"[vc_row type=\u00bbin_container\u00bb bg_position=\u00bbleft top\u00bb bg_repeat=\u00bbrepeat\u00bb bg_color=\u00bb#dd3333&#8243; scene_position=\u00bbcenter\u00bb text_color=\u00bbdark\u00bb text_align=\u00bbleft\u00bb][vc_column width=\u00bb1\/1&#8243;][vc_column_text][\/vc_column_text][\/vc_column][\/vc_row][vc_row][vc_column width=\u00bb1\/2&#8243;][vc_column_text]\n<h2>Curso dirigido a:<\/h2>\n<p>P\u00fablico en general; trabajadores de altura y de espacios confinados, brigadas de emergencias, bomberos, rescatistas, escaladores y a toda aquella persona que desee \u201caprender a Salvar Vidas\u201d. No hace falta poseer conocimientos previos.<\/p>\n<h2>Duraci\u00f3n<\/h2>\n<p>La capacitaci\u00f3n durar\u00e1 18 horas (distribuidas en dos d\u00edas de nueve\u00a0horas).<\/p>\n<h2>Metodolog\u00eda<\/h2>\n<p>&#8211; Exposici\u00f3n del instructor.<br \/>\n&#8211; Exposici\u00f3n de un v\u00eddeo instructivo y diapositivas.<br \/>\n&#8211; An\u00e1lisis de situaciones reales.<br \/>\n&#8211;\u00a0Un instructor cada 4 alumnos.<\/p>\n<p>&#8211;\u00a0<strong>Estaciones pr\u00e1cticas de trabajo<\/strong>:<br \/>\nA \u2013\u00a0Medici\u00f3n y monitoreo de atm\u00f3sfera.<br \/>\nB \u2013 T\u00e9cnicas de manejo de equipo espec\u00edfico.<br \/>\nC \u2013 Armado de anclajes y de sistemas de ventaja mec\u00e1nica.<br \/>\nD &#8211; Procedimientos auxiliares: descenso, posicionamiento y ascenso por cuerda.<br \/>\nE \u2013 Uso de tr\u00edpode y triangulo de rescate.<br \/>\nF \u2013 Empaquetado de victima en camilla.<br \/>\nG &#8211; Armado de Tirolesa.[\/vc_column_text][\/vc_column][vc_column width=\u00bb1\/2&#8243;][vc_column_text]\n<h2>Materiales<\/h2>\n<p>\u2013 Equipos de protecci\u00f3n individual, cuerdas, cordines, cintas planas y tubulares, equipo t\u00e9cnico de rescate (mosquetones,\u00a0descensores, ascensores, bloqueadores, poleas, antica\u00eddas), tri\u00e1ngulo de rescate, tr\u00edpode de rescate, canasto, detector de gases, etc.<\/p>\n<h2>Contenidos<\/h2>\n<ul>\n<li>Definici\u00f3n y conceptos de Trabajo en Espacios Confinados.<\/li>\n<li>Requerimiento legales vigentes. Norma IRAM 3625 &#8211; 2003\/08.<\/li>\n<li>Riesgos generales y espec\u00edficos.\n<ul>\n<li>Asfixia<\/li>\n<li>Incendios \/ Explosiones<\/li>\n<li>Intoxicaci\u00f3n.<\/li>\n<li>Qu\u00edmicos<\/li>\n<li>F\u00edsicos \/ Mec\u00e1nicos \/El\u00e9ctricos.<\/li>\n<li>Otros<\/li>\n<\/ul>\n<\/li>\n<li>Actitud y Prevenci\u00f3n.<\/li>\n<li>Requerimientos seg\u00fan OSHA 29 CFR 1910.\n<ul>\n<li>Identificaci\u00f3n de riesgos.<\/li>\n<li>Medidas de bloqueo y de aislamiento.<\/li>\n<li>Purgado, inertizaci\u00f3n, ventilaci\u00f3n, lavado.<\/li>\n<li>Condiciones atmosf\u00e9ricas, prueba y monitoreo de gases.<\/li>\n<li>Planificaci\u00f3n del rescate y comunicaciones.<\/li>\n<li>Equipos de Protecci\u00f3n Individual.<\/li>\n<\/ul>\n<\/li>\n<li>Equipamiento y sistemas de trabajo.<\/li>\n<li>Medici\u00f3n de atmosfera de trabajo.<\/li>\n<li>Permisos de trabajo, An\u00e1lisis de tarea segura.<\/li>\n<li>Protocolos y\u00a0maniobras de Rescates en Espacios Confinados.<\/li>\n<li>Primeros Auxilios\u00a0habituales aplicados al Rescate en Espacios Confinados.<\/li>\n<\/ul>\n[\/vc_column_text][\/vc_column][\/vc_row][vc_row][vc_column width=\u00bb1\/1&#8243;][vc_column_text]\n<h2>Requisitos institucionales<\/h2>\n<p>1- La instituci\u00f3n o empresa organizadora deber\u00e1 contar:<br \/>\na- Con el espacio, sillas y mesas suficientes (seg\u00fan la cantidad de personas interesadas en el curso) para desarrollar las actividades te\u00f3ricas pr\u00e1cticas.<br \/>\nb- HM Capacitaci\u00f3n se hace cargo de los instrumentos t\u00e9cnicos de audio y video, tales como un reproductor de DVD o una notebook, un ca\u00f1\u00f3n proyector multimedia y parlantes.<br \/>\n2- Los asistentes al curso deber\u00e1n contar con ropa c\u00f3moda para la mejor pr\u00e1ctica de las t\u00e9cnicas de Rescate con Cuerdas y material (cuaderno y lapicera) para apuntar en la capacitaci\u00f3n.<\/p>\n<h2>Otras caracter\u00edsticas<\/h2>\n<p>&#8211; El d\u00eda y lugar del curso se fijar\u00e1 en com\u00fan acuerdo con las autoridades de la empresa, instituci\u00f3n escolar, deportiva o social.<br \/>\n&#8211; Los alumnos recibir\u00e1n un CD con material de estudio de los temas del curso y un diploma de asistencia que deje constancia del mismo.[\/vc_column_text][\/vc_column][\/vc_row][vc_row][vc_column][vc_column_text]\n<p>&nbsp;<\/p>\n<p>&nbsp;<\/p>\n<p>&nbsp;<\/p>\n[\/vc_column_text][\/vc_column][\/vc_row]\n","protected":false},"excerpt":{"rendered":"<p>[vc_row type=\u00bbin_container\u00bb bg_position=\u00bbleft top\u00bb bg_repeat=\u00bbrepeat\u00bb bg_color=\u00bb#dd3333&#8243; scene_position=\u00bbcenter\u00bb text_color=\u00bbdark\u00bb text_align=\u00bbleft\u00bb][vc_column width=\u00bb1\/1&#8243;][vc_column_text][\/vc_column_text][\/vc_column][\/vc_row][vc_row][vc_column width=\u00bb1\/2&#8243;][vc_column_text] Curso dirigido a: P\u00fablico en general; trabajadores de altura y de espacios confinados, brigadas de emergencias, bomberos, rescatistas, escaladores&#8230;<\/p>\n","protected":false},"author":1,"featured_media":0,"parent":0,"menu_order":0,"comment_status":"open","ping_status":"open","template":"","meta":{"footnotes":""},"jetpack_sharing_enabled":true,"_links":{"self":[{"href":"https:\/\/www.hmcapacitacion.com\/index.php?rest_route=\/wp\/v2\/pages\/9"}],"collection":[{"href":"https:\/\/www.hmcapacitacion.com\/index.php?rest_route=\/wp\/v2\/pages"}],"about":[{"href":"https:\/\/www.hmcapacitacion.com\/index.php?rest_route=\/wp\/v2\/types\/page"}],"author":[{"embeddable":true,"href":"https:\/\/www.hmcapacitacion.com\/index.php?rest_route=\/wp\/v2\/users\/1"}],"replies":[{"embeddable":true,"href":"https:\/\/www.hmcapacitacion.com\/index.php?rest_route=%2Fwp%2Fv2%2Fcomments&post=9"}],"version-history":[{"count":24,"href":"https:\/\/www.hmcapacitacion.com\/index.php?rest_route=\/wp\/v2\/pages\/9\/revisions"}],"predecessor-version":[{"id":5091,"href":"https:\/\/www.hmcapacitacion.com\/index.php?rest_route=\/wp\/v2\/pages\/9\/revisions\/5091"}],"wp:attachment":[{"href":"https:\/\/www.hmcapacitacion.com\/index.php?rest_route=%2Fwp%2Fv2%2Fmedia&parent=9"}],"curies":[{"name":"wp","href":"https:\/\/api.w.org\/{rel}","templated":true}]}}